{"id":170,"date":"2014-03-20T14:15:05","date_gmt":"2014-03-20T14:15:05","guid":{"rendered":"http:\/\/www.bfforecasts.de\/?page_id=170"},"modified":"2023-10-19T15:03:23","modified_gmt":"2023-10-19T14:03:23","slug":"contact","status":"publish","type":"page","link":"https:\/\/www.bfforecasts.de\/en\/contact\/","title":{"rendered":"Contact Persons"},"content":{"rendered":"\t\t<div data-elementor-type=\"wp-page\" data-elementor-id=\"170\" class=\"elementor elementor-170\" data-elementor-post-type=\"page\">\n\t\t\t\t<div class=\"elementor-element elementor-element-2c6c300 e-flex e-con-boxed e-con e-parent\" data-id=\"2c6c300\" data-element_type=\"container\" data-e-type=\"container\">\n\t\t\t\t\t<div class=\"e-con-inner\">\n\t\t<div class=\"elementor-element elementor-element-337a8ad e-con-full e-flex e-con e-child\" data-id=\"337a8ad\" data-element_type=\"container\" data-e-type=\"container\">\n\t\t\t\t<div class=\"elementor-element elementor-element-057a963 elementor-widget elementor-widget-image\" data-id=\"057a963\" data-element_type=\"widget\" data-e-type=\"widget\" data-widget_type=\"image.default\">\n\t\t\t\t<div class=\"elementor-widget-container\">\n\t\t\t\t\t\t\t\t\t\t\t\t\t\t\t<img fetchpriority=\"high\" decoding=\"async\" width=\"800\" height=\"532\" src=\"https:\/\/www.bfforecasts.de\/wp-content\/uploads\/2018\/05\/bfforecasts-9sw-1024x681.jpg\" class=\"attachment-large size-large wp-image-7574\" alt=\"\" srcset=\"https:\/\/www.bfforecasts.de\/wp-content\/uploads\/2018\/05\/bfforecasts-9sw-1024x681.jpg 1024w, https:\/\/www.bfforecasts.de\/wp-content\/uploads\/2018\/05\/bfforecasts-9sw-300x200.jpg 300w, https:\/\/www.bfforecasts.de\/wp-content\/uploads\/2018\/05\/bfforecasts-9sw-768x511.jpg 768w, https:\/\/www.bfforecasts.de\/wp-content\/uploads\/2018\/05\/bfforecasts-9sw-200x133.jpg 200w, https:\/\/www.bfforecasts.de\/wp-content\/uploads\/2018\/05\/bfforecasts-9sw-400x266.jpg 400w, https:\/\/www.bfforecasts.de\/wp-content\/uploads\/2018\/05\/bfforecasts-9sw-600x399.jpg 600w, https:\/\/www.bfforecasts.de\/wp-content\/uploads\/2018\/05\/bfforecasts-9sw-800x532.jpg 800w, https:\/\/www.bfforecasts.de\/wp-content\/uploads\/2018\/05\/bfforecasts-9sw-1200x798.jpg 1200w\" sizes=\"(max-width: 800px) 100vw, 800px\" \/>\t\t\t\t\t\t\t\t\t\t\t\t\t\t\t<\/div>\n\t\t\t\t<\/div>\n\t\t\t\t<div class=\"elementor-element elementor-element-4a647cf elementor-widget elementor-widget-text-editor\" data-id=\"4a647cf\" data-element_type=\"widget\" data-e-type=\"widget\" data-widget_type=\"text-editor.default\">\n\t\t\t\t<div class=\"elementor-widget-container\">\n\t\t\t\t\t\t\t\t\t<div class=\"staff_top_info\"><p class=\"staff_cont_name\">Dieter Fess &amp; Reinhard B\u00e4hr<\/p><p class=\"staff_category\">Gesch\u00e4ftsf\u00fchrung BF Forecasts<\/p><\/div><div class=\"contact_content\"><ul><li>E-Mail: info(a)bfforecasts.com<\/li><li>Phone: +49 681 937 832 0<\/li><\/ul><\/div>\t\t\t\t\t\t\t\t<\/div>\n\t\t\t\t<\/div>\n\t\t\t\t<\/div>\n\t\t<div class=\"elementor-element elementor-element-2fc90ec e-con-full e-flex e-con e-child\" data-id=\"2fc90ec\" data-element_type=\"container\" data-e-type=\"container\">\n\t\t\t\t<div class=\"elementor-element elementor-element-3d2660b elementor-widget elementor-widget-image\" data-id=\"3d2660b\" data-element_type=\"widget\" data-e-type=\"widget\" data-widget_type=\"image.default\">\n\t\t\t\t<div class=\"elementor-widget-container\">\n\t\t\t\t\t\t\t\t\t\t\t\t\t\t\t<img decoding=\"async\" width=\"800\" height=\"534\" src=\"https:\/\/www.bfforecasts.de\/wp-content\/uploads\/2018\/05\/Business-Portrait-1-webschwarzweiss-1024x683.jpg\" class=\"attachment-large size-large wp-image-7570\" alt=\"\" srcset=\"https:\/\/www.bfforecasts.de\/wp-content\/uploads\/2018\/05\/Business-Portrait-1-webschwarzweiss-1024x683.jpg 1024w, https:\/\/www.bfforecasts.de\/wp-content\/uploads\/2018\/05\/Business-Portrait-1-webschwarzweiss-300x200.jpg 300w, https:\/\/www.bfforecasts.de\/wp-content\/uploads\/2018\/05\/Business-Portrait-1-webschwarzweiss-768x512.jpg 768w, https:\/\/www.bfforecasts.de\/wp-content\/uploads\/2018\/05\/Business-Portrait-1-webschwarzweiss-200x133.jpg 200w, https:\/\/www.bfforecasts.de\/wp-content\/uploads\/2018\/05\/Business-Portrait-1-webschwarzweiss-400x267.jpg 400w, https:\/\/www.bfforecasts.de\/wp-content\/uploads\/2018\/05\/Business-Portrait-1-webschwarzweiss-600x400.jpg 600w, https:\/\/www.bfforecasts.de\/wp-content\/uploads\/2018\/05\/Business-Portrait-1-webschwarzweiss-800x533.jpg 800w, https:\/\/www.bfforecasts.de\/wp-content\/uploads\/2018\/05\/Business-Portrait-1-webschwarzweiss.jpg 1200w\" sizes=\"(max-width: 800px) 100vw, 800px\" \/>\t\t\t\t\t\t\t\t\t\t\t\t\t\t\t<\/div>\n\t\t\t\t<\/div>\n\t\t\t\t<div class=\"elementor-element elementor-element-77154ac elementor-widget elementor-widget-text-editor\" data-id=\"77154ac\" data-element_type=\"widget\" data-e-type=\"widget\" data-widget_type=\"text-editor.default\">\n\t\t\t\t<div class=\"elementor-widget-container\">\n\t\t\t\t\t\t\t\t\t<div class=\"staff_top_info\"><div class=\"staff_top_info\"><p class=\"staff_cont_name\">Maarten Baljet<\/p><p class=\"staff_category\">Consulting &amp; Sales, Gesch\u00e4ftsf\u00fchrung BF Analytics<\/p><\/div><div class=\"contact_content\"><ul><li>E-Mail: sales(a)bfforecasts.com<\/li><li>Phone: +49 178 895 7148<\/li><\/ul><\/div><\/div>\t\t\t\t\t\t\t\t<\/div>\n\t\t\t\t<\/div>\n\t\t\t\t<\/div>\n\t\t<div class=\"elementor-element elementor-element-4688b41 e-con-full e-flex e-con e-child\" data-id=\"4688b41\" data-element_type=\"container\" data-e-type=\"container\">\n\t\t\t\t<\/div>\n\t\t<div class=\"elementor-element elementor-element-0565e43 e-flex e-con-boxed e-con e-child\" data-id=\"0565e43\" data-element_type=\"container\" data-e-type=\"container\">\n\t\t\t\t\t<div class=\"e-con-inner\">\n\t\t<div class=\"elementor-element elementor-element-3fa2f97 e-con-full e-flex e-con e-child\" data-id=\"3fa2f97\" data-element_type=\"container\" data-e-type=\"container\">\n\t\t\t\t<div class=\"elementor-element elementor-element-8050857 elementor-widget elementor-widget-image\" data-id=\"8050857\" data-element_type=\"widget\" data-e-type=\"widget\" data-widget_type=\"image.default\">\n\t\t\t\t<div class=\"elementor-widget-container\">\n\t\t\t\t\t\t\t\t\t\t\t\t\t\t\t<img decoding=\"async\" width=\"216\" height=\"300\" src=\"https:\/\/www.bfforecasts.de\/wp-content\/uploads\/2018\/05\/Jean-Pierex300-1.jpg\" class=\"attachment-large size-large wp-image-7527\" alt=\"\" srcset=\"https:\/\/www.bfforecasts.de\/wp-content\/uploads\/2018\/05\/Jean-Pierex300-1.jpg 216w, https:\/\/www.bfforecasts.de\/wp-content\/uploads\/2018\/05\/Jean-Pierex300-1-200x278.jpg 200w\" sizes=\"(max-width: 216px) 100vw, 216px\" \/>\t\t\t\t\t\t\t\t\t\t\t\t\t\t\t<\/div>\n\t\t\t\t<\/div>\n\t\t\t\t<div class=\"elementor-element elementor-element-3d80ed0 elementor-widget elementor-widget-text-editor\" data-id=\"3d80ed0\" data-element_type=\"widget\" data-e-type=\"widget\" data-widget_type=\"text-editor.default\">\n\t\t\t\t<div class=\"elementor-widget-container\">\n\t\t\t\t\t\t\t\t\t<div class=\"staff_top_info\"><div class=\"staff_top_info\"><p class=\"staff_cont_name\">Jean Pierre Loisel<\/p><p class=\"staff_category\">Sales &amp; Customer Service France<\/p><\/div><div class=\"contact_content\"><ul><li>E-Mail: jeanpierre.loisel(a)bfforecasts.com<\/li><li>Phone: +33 675 207 766<\/li><\/ul><\/div><\/div>\t\t\t\t\t\t\t\t<\/div>\n\t\t\t\t<\/div>\n\t\t\t\t<\/div>\n\t\t<div class=\"elementor-element elementor-element-30b5451 e-con-full e-flex e-con e-child\" data-id=\"30b5451\" data-element_type=\"container\" data-e-type=\"container\">\n\t\t\t\t<div class=\"elementor-element elementor-element-a9bed94 elementor-widget elementor-widget-image\" data-id=\"a9bed94\" data-element_type=\"widget\" data-e-type=\"widget\" data-widget_type=\"image.default\">\n\t\t\t\t<div class=\"elementor-widget-container\">\n\t\t\t\t\t\t\t\t\t\t\t\t\t\t\t<img loading=\"lazy\" decoding=\"async\" width=\"200\" height=\"300\" src=\"https:\/\/www.bfforecasts.de\/wp-content\/uploads\/2018\/05\/Javier_1.jpg\" class=\"attachment-large size-large wp-image-7528\" alt=\"\" \/>\t\t\t\t\t\t\t\t\t\t\t\t\t\t\t<\/div>\n\t\t\t\t<\/div>\n\t\t\t\t<div class=\"elementor-element elementor-element-de13308 elementor-widget elementor-widget-text-editor\" data-id=\"de13308\" data-element_type=\"widget\" data-e-type=\"widget\" data-widget_type=\"text-editor.default\">\n\t\t\t\t<div class=\"elementor-widget-container\">\n\t\t\t\t\t\t\t\t\t<div class=\"staff_top_info\"><div class=\"staff_top_info\"><div class=\"staff_top_info\"><p class=\"staff_cont_name\">Javier Garcia<\/p><p class=\"staff_category\">Sales &amp; Customer Service Spain<\/p><\/div><div class=\"contact_content\"><ul><li>E-Mail: javier.garcia(a)bfforecasts.com<\/li><li>Phone: +34 619 810 340<\/li><\/ul><\/div><div class=\"staff_full_bottom\">\u00a0<\/div><\/div><\/div>\t\t\t\t\t\t\t\t<\/div>\n\t\t\t\t<\/div>\n\t\t\t\t<\/div>\n\t\t<div class=\"elementor-element elementor-element-7ce16a1 e-con-full e-flex e-con e-child\" data-id=\"7ce16a1\" data-element_type=\"container\" data-e-type=\"container\">\n\t\t\t\t<div class=\"elementor-element elementor-element-9acd0ff elementor-widget__width-initial elementor-widget elementor-widget-image\" data-id=\"9acd0ff\" data-element_type=\"widget\" data-e-type=\"widget\" data-widget_type=\"image.default\">\n\t\t\t\t<div class=\"elementor-widget-container\">\n\t\t\t\t\t\t\t\t\t\t\t\t\t\t\t<img decoding=\"async\" src=\"https:\/\/www.bfforecasts.de\/wp-content\/uploads\/2023\/10\/Trascorri.jpg\" title=\"Trascorri\" alt=\"Trascorri\" loading=\"lazy\" \/>\t\t\t\t\t\t\t\t\t\t\t\t\t\t\t<\/div>\n\t\t\t\t<\/div>\n\t\t\t\t<div class=\"elementor-element elementor-element-4457226 elementor-widget elementor-widget-text-editor\" data-id=\"4457226\" data-element_type=\"widget\" data-e-type=\"widget\" data-widget_type=\"text-editor.default\">\n\t\t\t\t<div class=\"elementor-widget-container\">\n\t\t\t\t\t\t\t\t\t<div class=\"staff_top_info\"><div class=\"staff_top_info\"><div class=\"staff_top_info\"><div class=\"staff_top_info\"><p class=\"staff_cont_name\">Diego Trascorri<\/p><p class=\"staff_category\">Customer Service, Sales &amp; Customer Service Italy<\/p><\/div><div class=\"contact_content\"><ul><li>E-Mail: diego.trascorri(a)bfforecasts.com<\/li><li>Phone: +39 377 091 57 45<\/li><\/ul><\/div><\/div><\/div><\/div>\t\t\t\t\t\t\t\t<\/div>\n\t\t\t\t<\/div>\n\t\t\t\t<\/div>\n\t\t\t\t\t<\/div>\n\t\t\t\t<\/div>\n\t\t\t\t\t<\/div>\n\t\t\t\t<\/div>\n\t\t\t\t<\/div>\n\t\t","protected":false},"excerpt":{"rendered":"<p>Dieter Fess &amp; Reinhard B\u00e4hr Gesch\u00e4ftsf\u00fchrung BF Forecasts E-Mail: info(a)bfforecasts.com Phone: +49 681 937 832 0 Maarten Baljet Consulting &amp; Sales, Gesch\u00e4ftsf\u00fchrung BF Analytics E-Mail: sales(a)bfforecasts.com Phone: +49 178 895 7148 Jean Pierre Loisel Sales &amp; Customer Service France E-Mail: jeanpierre.loisel(a)bfforecasts.com Phone: +33 675 207 766 Javier Garcia Sales &amp; Customer Service Spain E-Mail: javier.garcia(a)bfforecasts.com [&hellip;]<\/p>\n","protected":false},"author":1,"featured_media":0,"parent":0,"menu_order":0,"comment_status":"open","ping_status":"open","template":"","meta":{"footnotes":""},"class_list":["post-170","page","type-page","status-publish","hentry"],"_links":{"self":[{"href":"https:\/\/www.bfforecasts.de\/en\/wp-json\/wp\/v2\/pages\/170","targetHints":{"allow":["GET"]}}],"collection":[{"href":"https:\/\/www.bfforecasts.de\/en\/wp-json\/wp\/v2\/pages"}],"about":[{"href":"https:\/\/www.bfforecasts.de\/en\/wp-json\/wp\/v2\/types\/page"}],"author":[{"embeddable":true,"href":"https:\/\/www.bfforecasts.de\/en\/wp-json\/wp\/v2\/users\/1"}],"replies":[{"embeddable":true,"href":"https:\/\/www.bfforecasts.de\/en\/wp-json\/wp\/v2\/comments?post=170"}],"version-history":[{"count":44,"href":"https:\/\/www.bfforecasts.de\/en\/wp-json\/wp\/v2\/pages\/170\/revisions"}],"predecessor-version":[{"id":9506,"href":"https:\/\/www.bfforecasts.de\/en\/wp-json\/wp\/v2\/pages\/170\/revisions\/9506"}],"wp:attachment":[{"href":"https:\/\/www.bfforecasts.de\/en\/wp-json\/wp\/v2\/media?parent=170"}],"curies":[{"name":"wp","href":"https:\/\/api.w.org\/{rel}","templated":true}]}}