{"id":105,"date":"2014-04-03T12:32:12","date_gmt":"2014-04-03T12:32:12","guid":{"rendered":"http:\/\/www.bfforecasts.de\/?page_id=105"},"modified":"2023-10-25T13:35:17","modified_gmt":"2023-10-25T12:35:17","slug":"estudios-cec","status":"publish","type":"page","link":"https:\/\/www.bfforecasts.de\/es\/estudios-cec\/","title":{"rendered":"Estudios CEC"},"content":{"rendered":"\t\t<div data-elementor-type=\"wp-page\" data-elementor-id=\"105\" class=\"elementor elementor-105\" data-elementor-post-type=\"page\">\n\t\t\t\t<div class=\"elementor-element elementor-element-34256955 e-flex e-con-boxed e-con e-parent\" data-id=\"34256955\" data-element_type=\"container\" data-e-type=\"container\">\n\t\t\t\t\t<div class=\"e-con-inner\">\n\t\t\t\t<div class=\"elementor-element elementor-element-5a52dcb4 elementor-widget elementor-widget-text-editor\" data-id=\"5a52dcb4\" data-element_type=\"widget\" data-e-type=\"widget\" data-widget_type=\"text-editor.default\">\n\t\t\t\t<div class=\"elementor-widget-container\">\n\t\t\t\t\t\t\t\t\t<p style=\"text-align: justify;\">BF Forecasts analiza los datos hist\u00f3ricos y los competidores de un veh\u00edculo nuevo que va a salir al mercado.<br>\nAsimismo, se analizan las tendencias del mercado de veh\u00edculos usados de los \u00faltimos 5 a\u00f1os para obtener una curva de valores dentro del ciclo vital del producto. Adem\u00e1s se consideran en la curva los par\u00e1metros macro econ\u00f3micos previstos, para proyectar los valores residuales en los pr\u00f3ximos 5 a\u00f1os.<\/p>\n<p style=\"text-align: justify;\">Este proceso se ofrece para cada veh\u00edculo.<\/p>\n<p style=\"text-align: justify;\">BF Forecasts facilita a sus clientes un completo entendimiento de las variables que conducen al modelo de valor residual.<\/p><p style=\"text-align: justify;\"><br><\/p>\t\t\t\t\t\t\t\t<\/div>\n\t\t\t\t<\/div>\n\t\t\t\t\t<\/div>\n\t\t\t\t<\/div>\n\t\t\t\t<\/div>\n\t\t","protected":false},"excerpt":{"rendered":"<p>BF Forecasts analiza los datos hist\u00f3ricos y los competidores de un veh\u00edculo nuevo que va a salir al mercado. Asimismo, se analizan las tendencias del mercado de veh\u00edculos usados de los \u00faltimos 5 a\u00f1os para obtener una curva de valores dentro del ciclo vital del producto. Adem\u00e1s se consideran en la curva los par\u00e1metros macro [&hellip;]<\/p>\n","protected":false},"author":1,"featured_media":0,"parent":0,"menu_order":0,"comment_status":"open","ping_status":"open","template":"","meta":{"footnotes":""},"class_list":["post-105","page","type-page","status-publish","hentry"],"_links":{"self":[{"href":"https:\/\/www.bfforecasts.de\/es\/wp-json\/wp\/v2\/pages\/105","targetHints":{"allow":["GET"]}}],"collection":[{"href":"https:\/\/www.bfforecasts.de\/es\/wp-json\/wp\/v2\/pages"}],"about":[{"href":"https:\/\/www.bfforecasts.de\/es\/wp-json\/wp\/v2\/types\/page"}],"author":[{"embeddable":true,"href":"https:\/\/www.bfforecasts.de\/es\/wp-json\/wp\/v2\/users\/1"}],"replies":[{"embeddable":true,"href":"https:\/\/www.bfforecasts.de\/es\/wp-json\/wp\/v2\/comments?post=105"}],"version-history":[{"count":9,"href":"https:\/\/www.bfforecasts.de\/es\/wp-json\/wp\/v2\/pages\/105\/revisions"}],"predecessor-version":[{"id":9557,"href":"https:\/\/www.bfforecasts.de\/es\/wp-json\/wp\/v2\/pages\/105\/revisions\/9557"}],"wp:attachment":[{"href":"https:\/\/www.bfforecasts.de\/es\/wp-json\/wp\/v2\/media?parent=105"}],"curies":[{"name":"wp","href":"https:\/\/api.w.org\/{rel}","templated":true}]}}