{"id":115,"date":"2014-04-03T12:29:08","date_gmt":"2014-04-03T12:29:08","guid":{"rendered":"http:\/\/www.bfforecasts.de\/?page_id=115"},"modified":"2023-10-18T15:55:45","modified_gmt":"2023-10-18T14:55:45","slug":"analisis-de-cartera","status":"publish","type":"page","link":"https:\/\/www.bfforecasts.de\/es\/analisis-de-cartera\/","title":{"rendered":"An\u00e1lisis de cartera"},"content":{"rendered":"\t\t<div data-elementor-type=\"wp-page\" data-elementor-id=\"115\" class=\"elementor elementor-115\" data-elementor-post-type=\"page\">\n\t\t\t\t<div class=\"elementor-element elementor-element-1b55429f e-flex e-con-boxed e-con e-parent\" data-id=\"1b55429f\" data-element_type=\"container\" data-e-type=\"container\">\n\t\t\t\t\t<div class=\"e-con-inner\">\n\t\t\t\t<div class=\"elementor-element elementor-element-491e358f elementor-widget elementor-widget-text-editor\" data-id=\"491e358f\" data-element_type=\"widget\" data-e-type=\"widget\" data-widget_type=\"text-editor.default\">\n\t\t\t\t<div class=\"elementor-widget-container\">\n\t\t\t\t\t\t\t\t\t<p style=\"text-align: justify;\">Desde 1998, BF Forecasts ha facilitado a importantes clientes europeos, an\u00e1lisis de cartera para veh\u00edculos nuevos y usados.<br>\nEstos productos de an\u00e1lisis, facilitan al cliente los medios para analizar el riesgo y sus variables, incluyendo la rentabilidad y las tendencias hist\u00f3ricas de las distintas carteras.<\/p>\n<p style=\"text-align: justify;\"><b>An\u00e1lisis del riesgo residual<\/b><br>\nMide la exposici\u00f3n hacia el riesgo residual de una cartera. Esencialmente es una re-proyecci\u00f3n de los valores residuales de una cartera de veh\u00edculos en base a informaci\u00f3n actualizada de compra-venta y depreciaci\u00f3n.<\/p>\n<p style=\"text-align: justify;\">El an\u00e1lisis de riesgo residual identifica cada veh\u00edculo de una cartera y proyecta su valor final seg\u00fan la base de datos actualizada de BF Forecasts. Esta re-proyecci\u00f3n se compara con los valores residuales originales para determinar la ganancia o p\u00e9rdida esperada en cada veh\u00edculo y en la totalidad de la cartera. El an\u00e1lisis se convierte en un sistema de alerta anticipada indispensable y facilita informaci\u00f3n sobre el mejor momento para vender y sustituir el veh\u00edculo.<\/p>\n<p style=\"text-align: justify;\">El an\u00e1lisis de riesgo residual facilita un detalle de cada elemento e informes resumidos de toda la cartera, por marca, por modelo, por fecha de matriculaci\u00f3n y se pueden adaptar a las necesidades del cliente.<\/p><p style=\"text-align: justify;\"><br><\/p>\n<p style=\"text-align: justify;\">\n<\/p>\t\t\t\t\t\t\t\t<\/div>\n\t\t\t\t<\/div>\n\t\t\t\t\t<\/div>\n\t\t\t\t<\/div>\n\t\t\t\t<\/div>\n\t\t","protected":false},"excerpt":{"rendered":"<p>Desde 1998, BF Forecasts ha facilitado a importantes clientes europeos, an\u00e1lisis de cartera para veh\u00edculos nuevos y usados. Estos productos de an\u00e1lisis, facilitan al cliente los medios para analizar el riesgo y sus variables, incluyendo la rentabilidad y las tendencias hist\u00f3ricas de las distintas carteras. An\u00e1lisis del riesgo residual Mide la exposici\u00f3n hacia el riesgo [&hellip;]<\/p>\n","protected":false},"author":1,"featured_media":0,"parent":0,"menu_order":0,"comment_status":"open","ping_status":"open","template":"","meta":{"footnotes":""},"class_list":["post-115","page","type-page","status-publish","hentry"],"_links":{"self":[{"href":"https:\/\/www.bfforecasts.de\/es\/wp-json\/wp\/v2\/pages\/115","targetHints":{"allow":["GET"]}}],"collection":[{"href":"https:\/\/www.bfforecasts.de\/es\/wp-json\/wp\/v2\/pages"}],"about":[{"href":"https:\/\/www.bfforecasts.de\/es\/wp-json\/wp\/v2\/types\/page"}],"author":[{"embeddable":true,"href":"https:\/\/www.bfforecasts.de\/es\/wp-json\/wp\/v2\/users\/1"}],"replies":[{"embeddable":true,"href":"https:\/\/www.bfforecasts.de\/es\/wp-json\/wp\/v2\/comments?post=115"}],"version-history":[{"count":9,"href":"https:\/\/www.bfforecasts.de\/es\/wp-json\/wp\/v2\/pages\/115\/revisions"}],"predecessor-version":[{"id":9479,"href":"https:\/\/www.bfforecasts.de\/es\/wp-json\/wp\/v2\/pages\/115\/revisions\/9479"}],"wp:attachment":[{"href":"https:\/\/www.bfforecasts.de\/es\/wp-json\/wp\/v2\/media?parent=115"}],"curies":[{"name":"wp","href":"https:\/\/api.w.org\/{rel}","templated":true}]}}