{"id":127,"date":"2014-03-20T13:13:36","date_gmt":"2014-03-20T13:13:36","guid":{"rendered":"http:\/\/www.bfforecasts.de\/?page_id=127"},"modified":"2023-10-25T13:35:01","modified_gmt":"2023-10-25T12:35:01","slug":"prevision-del-valor-residual","status":"publish","type":"page","link":"https:\/\/www.bfforecasts.de\/es\/prevision-del-valor-residual\/","title":{"rendered":"Previsi\u00f3n del valor residual"},"content":{"rendered":"\t\t<div data-elementor-type=\"wp-page\" data-elementor-id=\"127\" class=\"elementor elementor-127\" data-elementor-post-type=\"page\">\n\t\t\t\t<div class=\"elementor-element elementor-element-274f21bb e-flex e-con-boxed e-con e-parent\" data-id=\"274f21bb\" data-element_type=\"container\" data-e-type=\"container\">\n\t\t\t\t\t<div class=\"e-con-inner\">\n\t\t\t\t<div class=\"elementor-element elementor-element-17d43324 elementor-widget elementor-widget-text-editor\" data-id=\"17d43324\" data-element_type=\"widget\" data-e-type=\"widget\" data-widget_type=\"text-editor.default\">\n\t\t\t\t<div class=\"elementor-widget-container\">\n\t\t\t\t\t\t\t\t\t<p style=\"text-align: justify;\">BF Forecasts ha desarrollado un sistema propio que combina el an\u00e1lisis del entorno y las predicciones macroecon\u00f3micas con el desarrollo actual del mercado de autom\u00f3viles en Europa<\/p>\n<p style=\"text-align: justify;\"><strong>Das Restwertmodell analysiert:<\/strong><\/p>\n<ul style=\"text-align: justify;\">\n<li>Variables macroecon\u00f3micas<\/li>\n<li>Segmentos del veh\u00edculo as\u00ed como su potencial durante los \u00faltimos a\u00f1os<\/li>\n<li>Ciclos de cambio de modelos en el pasado y en el futuro<\/li>\n<li>Rasgos caracter\u00edsticos de una marca, un modelo y un tipo<\/li>\n<li>Factores subjetivos (informe de prensa, pruebas), tendencias y desarrollos futuros<\/li>\n<\/ul>\t\t\t\t\t\t\t\t<\/div>\n\t\t\t\t<\/div>\n\t\t\t\t\t<\/div>\n\t\t\t\t<\/div>\n\t\t\t\t<\/div>\n\t\t","protected":false},"excerpt":{"rendered":"<p>BF Forecasts ha desarrollado un sistema propio que combina el an\u00e1lisis del entorno y las predicciones macroecon\u00f3micas con el desarrollo actual del mercado de autom\u00f3viles en Europa Das Restwertmodell analysiert: Variables macroecon\u00f3micas Segmentos del veh\u00edculo as\u00ed como su potencial durante los \u00faltimos a\u00f1os Ciclos de cambio de modelos en el pasado y en el futuro [&hellip;]<\/p>\n","protected":false},"author":1,"featured_media":0,"parent":0,"menu_order":0,"comment_status":"open","ping_status":"open","template":"","meta":{"footnotes":""},"class_list":["post-127","page","type-page","status-publish","hentry"],"_links":{"self":[{"href":"https:\/\/www.bfforecasts.de\/es\/wp-json\/wp\/v2\/pages\/127","targetHints":{"allow":["GET"]}}],"collection":[{"href":"https:\/\/www.bfforecasts.de\/es\/wp-json\/wp\/v2\/pages"}],"about":[{"href":"https:\/\/www.bfforecasts.de\/es\/wp-json\/wp\/v2\/types\/page"}],"author":[{"embeddable":true,"href":"https:\/\/www.bfforecasts.de\/es\/wp-json\/wp\/v2\/users\/1"}],"replies":[{"embeddable":true,"href":"https:\/\/www.bfforecasts.de\/es\/wp-json\/wp\/v2\/comments?post=127"}],"version-history":[{"count":8,"href":"https:\/\/www.bfforecasts.de\/es\/wp-json\/wp\/v2\/pages\/127\/revisions"}],"predecessor-version":[{"id":9554,"href":"https:\/\/www.bfforecasts.de\/es\/wp-json\/wp\/v2\/pages\/127\/revisions\/9554"}],"wp:attachment":[{"href":"https:\/\/www.bfforecasts.de\/es\/wp-json\/wp\/v2\/media?parent=127"}],"curies":[{"name":"wp","href":"https:\/\/api.w.org\/{rel}","templated":true}]}}