{"id":162,"date":"2014-03-20T14:11:19","date_gmt":"2014-03-20T14:11:19","guid":{"rendered":"http:\/\/www.bfforecasts.de\/?page_id=162"},"modified":"2023-10-27T09:30:14","modified_gmt":"2023-10-27T08:30:14","slug":"avisos-legales","status":"publish","type":"page","link":"https:\/\/www.bfforecasts.de\/es\/avisos-legales\/","title":{"rendered":"Avisos legales"},"content":{"rendered":"\t\t<div data-elementor-type=\"wp-page\" data-elementor-id=\"162\" class=\"elementor elementor-162\" data-elementor-post-type=\"page\">\n\t\t\t\t<div class=\"elementor-element elementor-element-4ea04576 e-flex e-con-boxed e-con e-parent\" data-id=\"4ea04576\" data-element_type=\"container\" data-e-type=\"container\">\n\t\t\t\t\t<div class=\"e-con-inner\">\n\t\t\t\t<div class=\"elementor-element elementor-element-676caa03 elementor-widget elementor-widget-text-editor\" data-id=\"676caa03\" data-element_type=\"widget\" data-e-type=\"widget\" data-widget_type=\"text-editor.default\">\n\t\t\t\t<div class=\"elementor-widget-container\">\n\t\t\t\t\t\t\t\t\t<p><strong>Responsables:<\/strong><\/p><p>b\u00e4hr &amp; fess forecasts GmbH<br \/>Hochstra\u00dfe 63,<br \/>66115 Saarbr\u00fccken<br \/>T<strong>:\u00a0<\/strong>+49 6898 93392-0<br \/>F:\u00a0+49 6898 93392-92<br \/>E-mail:\u00a0 <a href=\"mailto:info@bfforecasts.com\">info(at)bfforecasts.com<\/a><br \/><strong>Registro mercantil:<\/strong><\/p><p>Amtsgericht Saarbr\u00fccken DE 11235<\/p><p><strong>N\u00famero de IVA:<\/strong><\/p><p>DE 191937357<\/p><p style=\"text-align: justify;\"><strong>Gerentes:<\/strong><\/p><p>Reinhard B\u00e4hr y Dieter Fess<\/p><p style=\"text-align: justify;\"><strong>Responsanilidad:<\/strong><\/p><p style=\"text-align: justify;\">Todos los textos de esta p\u00e1gina fueron revisados con el mayor cuidado. Sin embargo, no se garantiza la veracidad, la integridad y actualidad de los datos.<\/p><p style=\"text-align: justify;\"><strong>Enlaces:<\/strong><\/p><p style=\"text-align: justify;\">Los enlaces a este sitio web son deseados. Est\u00e1 prohibida la asunci\u00f3n de la p\u00e1gina principal en un marco del creador del enlace. Enlaces propios a p\u00e1ginas extranjeras s\u00f3lo representan una indicaci\u00f3n a estas p\u00e1ginas y se abren en una nueva ventana por medio de una conexi\u00f3n externa. Las entidades conectadas son responsables por los contenidos de sus p\u00e1ginas externas.<\/p><p style=\"text-align: justify;\"><strong>Derecho de auto:<\/strong><\/p><p style=\"text-align: justify;\">BF Forecasts tiene los derechos exclusivos sobre los textos, gr\u00e1ficos y fotos. El uso de estos est\u00e1 s\u00f3lo permitido con <a href=\"mailto:tabatha.wiankowski@bfforecasts.com\">autorizaci\u00f3n expresa<\/a>.<\/p><p style=\"text-align: justify;\"><strong>Data privacy:<\/strong><\/p><p style=\"text-align: justify;\">This website uses Google Analytics, a web analytics service provided by Google, Inc. (\u201cGoogle\u201d). Google Analytics uses \u201ccookies\u201d, which are text files placed on your computer, to help the website analyze how users use the site. The information generated by the cookie about your use of the website will be transmitted to and stored by Google on servers in the United States. In case IP-anonymisation is activated on this website, your IP address will be truncated within the area of Member States of the European Union or other parties to the Agreement on the European Economic Area. Only in exceptional cases the whole IP address will be first transfered to a Google server in the USA and truncated there. The IP-anonymisation is active on this website. Google will use this information on behalf of the operator of this website for the purpose of evaluating your use of the website, compiling reports on website activity for website operators and providing them other services relating to website activity and internet usage. The IP-address, that your Browser conveys within the scope of Google Analytics, will not be associated with any other data held by Google. You may refuse the use of cookies by selecting the appropriate settings on your browser, however please note that if you do this you may not be able to use the full functionality of this website. You can also opt-out from being tracked by Google Analytics with effect for the future by downloading and installing Google Analytics Opt-out Browser Addon for your current web browser: <a href=\"https:\/\/tools.google.com\/dlpage\/gaoptout?hl=en\">https:\/\/tools.google.com\/dlpage\/gaoptout?hl=en<\/a><\/p><p style=\"text-align: justify;\">\u00a0<\/p>\t\t\t\t\t\t\t\t<\/div>\n\t\t\t\t<\/div>\n\t\t\t\t\t<\/div>\n\t\t\t\t<\/div>\n\t\t\t\t<\/div>\n\t\t","protected":false},"excerpt":{"rendered":"<p>Responsables: b\u00e4hr &amp; fess forecasts GmbHHochstra\u00dfe 63,66115 Saarbr\u00fcckenT:\u00a0+49 6898 93392-0F:\u00a0+49 6898 93392-92E-mail:\u00a0 info(at)bfforecasts.comRegistro mercantil: Amtsgericht Saarbr\u00fccken DE 11235 N\u00famero de IVA: DE 191937357 Gerentes: Reinhard B\u00e4hr y Dieter Fess Responsanilidad: Todos los textos de esta p\u00e1gina fueron revisados con el mayor cuidado. Sin embargo, no se garantiza la veracidad, la integridad y actualidad de los [&hellip;]<\/p>\n","protected":false},"author":1,"featured_media":0,"parent":0,"menu_order":0,"comment_status":"open","ping_status":"open","template":"","meta":{"footnotes":""},"class_list":["post-162","page","type-page","status-publish","hentry"],"_links":{"self":[{"href":"https:\/\/www.bfforecasts.de\/es\/wp-json\/wp\/v2\/pages\/162","targetHints":{"allow":["GET"]}}],"collection":[{"href":"https:\/\/www.bfforecasts.de\/es\/wp-json\/wp\/v2\/pages"}],"about":[{"href":"https:\/\/www.bfforecasts.de\/es\/wp-json\/wp\/v2\/types\/page"}],"author":[{"embeddable":true,"href":"https:\/\/www.bfforecasts.de\/es\/wp-json\/wp\/v2\/users\/1"}],"replies":[{"embeddable":true,"href":"https:\/\/www.bfforecasts.de\/es\/wp-json\/wp\/v2\/comments?post=162"}],"version-history":[{"count":12,"href":"https:\/\/www.bfforecasts.de\/es\/wp-json\/wp\/v2\/pages\/162\/revisions"}],"predecessor-version":[{"id":9631,"href":"https:\/\/www.bfforecasts.de\/es\/wp-json\/wp\/v2\/pages\/162\/revisions\/9631"}],"wp:attachment":[{"href":"https:\/\/www.bfforecasts.de\/es\/wp-json\/wp\/v2\/media?parent=162"}],"curies":[{"name":"wp","href":"https:\/\/api.w.org\/{rel}","templated":true}]}}