{"id":182,"date":"2014-03-20T14:25:13","date_gmt":"2014-03-20T14:25:13","guid":{"rendered":"http:\/\/www.bfforecasts.de\/?page_id=182"},"modified":"2023-10-12T10:49:50","modified_gmt":"2023-10-12T09:49:50","slug":"productos-y-servicios","status":"publish","type":"page","link":"https:\/\/www.bfforecasts.de\/es\/productos-y-servicios\/","title":{"rendered":"Productos y servicios"},"content":{"rendered":"\t\t<div data-elementor-type=\"wp-page\" data-elementor-id=\"182\" class=\"elementor elementor-182\" data-elementor-post-type=\"page\">\n\t\t\t\t<div class=\"elementor-element elementor-element-725e736 e-flex e-con-boxed e-con e-parent\" data-id=\"725e736\" data-element_type=\"container\" data-e-type=\"container\">\n\t\t\t\t\t<div class=\"e-con-inner\">\n\t\t\t\t<div class=\"elementor-element elementor-element-13fb5088 elementor-widget elementor-widget-text-editor\" data-id=\"13fb5088\" data-element_type=\"widget\" data-e-type=\"widget\" data-widget_type=\"text-editor.default\">\n\t\t\t\t<div class=\"elementor-widget-container\">\n\t\t\t\t\t\t\t\t\t<p style=\"text-align: justify;\">BF Forecasts es proveedor de datos sobre valores residuales, para bancos e instituciones financieras, compa\u00f1\u00edas de leasing y renting de veh\u00edculos y fabricantes de veh\u00edculos, que se utilizan en diversas aplicaciones y an\u00e1lisis tanto internos como externos.<\/p>\n<p style=\"text-align: justify;\">Las previsiones de valor residual est\u00e1n disponibles en Euros o en porcentaje con formato delimitado por comas.<\/p>\n<p style=\"text-align: justify;\">Si desea m\u00e1s i<\/p>\n<p><\/p>\n<p><strong>Servicios de datos <\/strong><\/p>\n<p>BF Forecasts es proveedor de datos sobre valores residuales, para bancos e instituciones financieras, compa\u00f1\u00edas de leasing y renting de veh\u00edculos y fabricantes de veh\u00edculos, que se utilizan en diversas aplicaciones y an\u00e1lisis tanto internos como externos.<\/p>\n<p>Las previsiones de valor residual est\u00e1n disponibles en Euros o en porcentaje con formato delimitado por comas.<\/p>\n<p>Si desea m\u00e1s informaci\u00f3n sobre estos servicios, contacte nuestro departamento de servicio.<\/p>\n<p><\/p>\n<p><strong>An\u00e1lisis de cartera <\/strong><\/p>\n<p>Desde 1998, BF Forecasts ha facilitado a importantes clientes europeos, an\u00e1lisis de cartera para veh\u00edculos nuevos y usados.<br>Estos productos de an\u00e1lisis, facilitan al cliente los medios para analizar el riesgo y sus variables, incluyendo la rentabilidad y las tendencias hist\u00f3ricas de las distintas carteras.<\/p>\n<p>An\u00e1lisis del riesgo residual<br>Mide la exposici\u00f3n hacia el riesgo residual de una cartera. Esencialmente es una re-proyecci\u00f3n de los valores residuales de una cartera de veh\u00edculos en base a informaci\u00f3n actualizada de compra-venta y depreciaci\u00f3n.<\/p>\n<p>El an\u00e1lisis de riesgo residual identifica cada veh\u00edculo de una cartera y proyecta su valor final seg\u00fan la base de datos actualizada de BF Forecasts. Esta re-proyecci\u00f3n se compara con los valores residuales originales para determinar la ganancia o p\u00e9rdida esperada en cada veh\u00edculo y en la totalidad de la cartera. El an\u00e1lisis se convierte en un sistema de alerta anticipada indispensable y facilita informaci\u00f3n sobre el mejor momento para vender y sustituir el veh\u00edculo.<\/p>\n<p>El an\u00e1lisis de riesgo residual facilita un detalle de cada elemento e informes resumidos de toda la cartera, por marca, por modelo, por fecha de matriculaci\u00f3n y se pueden adaptar a las necesidades del cliente.<\/p>\n<p><\/p>\n<p><strong>Previsi\u00f3n del valor residual <\/strong><\/p>\n<p>BF Forecasts ha desarrollado un sistema propio que combina el an\u00e1lisis del entorno y las predicciones macroecon\u00f3micas con el desarrollo actual del mercado de autom\u00f3viles en Europa<\/p>\n<p>Das Restwertmodell analysiert:<\/p>\n<ul>\n<li>Variables macroecon\u00f3micas<\/li>\n<li>Segmentos del veh\u00edculo as\u00ed como su potencial durante los \u00faltimos a\u00f1os<\/li>\n<li>Ciclos de cambio de modelos en el pasado y en el futuro<\/li>\n<li>Rasgos caracter\u00edsticos de una marca, un modelo y un tipo<\/li>\n<li>Factores subjetivos (informe de prensa, pruebas), tendencias y desarrollos futuros<\/li>\n<\/ul><div><br><\/div>\n<p><strong>Estudios CE<\/strong><\/p>\n<p>BF Forecasts analiza los datos hist\u00f3ricos y los competidores de un veh\u00edculo nuevo que va a salir al mercado.<br>Asimismo, se analizan las tendencias del mercado de veh\u00edculos usados de los \u00faltimos 5 a\u00f1os para obtener una curva de valores dentro del ciclo vital del producto. Adem\u00e1s se consideran en la curva los par\u00e1metros macro econ\u00f3micos previstos, para proyectar los valores residuales en los pr\u00f3ximos 5 a\u00f1os.<\/p>\n<p>Este proceso se ofrece para cada veh\u00edculo.<\/p>\n<p>BF Forecasts facilita a sus clientes un completo entendimiento de las variables que conducen al modelo de valor residual.<\/p>\n<p><\/p>\n<p style=\"text-align: justify;\">nformaci\u00f3n sobre estos servicios, contacte nuestro departamento de servicio.<\/p>\n<p data-fontsize=\"13\" data-lineheight=\"20\"><strong>Contact<\/strong><\/p>\n<p>\u2709&nbsp; sales@bfforecasts.com<\/p>\n<p>\u260e&nbsp; +49 6898 93392-0<\/p>\t\t\t\t\t\t\t\t<\/div>\n\t\t\t\t<\/div>\n\t\t\t\t\t<\/div>\n\t\t\t\t<\/div>\n\t\t\t\t<\/div>\n\t\t","protected":false},"excerpt":{"rendered":"<p>BF Forecasts es proveedor de datos sobre valores residuales, para bancos e instituciones financieras, compa\u00f1\u00edas de leasing y renting de veh\u00edculos y fabricantes de veh\u00edculos, que se utilizan en diversas aplicaciones y an\u00e1lisis tanto internos como externos. Las previsiones de valor residual est\u00e1n disponibles en Euros o en porcentaje con formato delimitado por comas. Si [&hellip;]<\/p>\n","protected":false},"author":1,"featured_media":0,"parent":0,"menu_order":0,"comment_status":"open","ping_status":"open","template":"","meta":{"footnotes":""},"class_list":["post-182","page","type-page","status-publish","hentry"],"_links":{"self":[{"href":"https:\/\/www.bfforecasts.de\/es\/wp-json\/wp\/v2\/pages\/182","targetHints":{"allow":["GET"]}}],"collection":[{"href":"https:\/\/www.bfforecasts.de\/es\/wp-json\/wp\/v2\/pages"}],"about":[{"href":"https:\/\/www.bfforecasts.de\/es\/wp-json\/wp\/v2\/types\/page"}],"author":[{"embeddable":true,"href":"https:\/\/www.bfforecasts.de\/es\/wp-json\/wp\/v2\/users\/1"}],"replies":[{"embeddable":true,"href":"https:\/\/www.bfforecasts.de\/es\/wp-json\/wp\/v2\/comments?post=182"}],"version-history":[{"count":19,"href":"https:\/\/www.bfforecasts.de\/es\/wp-json\/wp\/v2\/pages\/182\/revisions"}],"predecessor-version":[{"id":9430,"href":"https:\/\/www.bfforecasts.de\/es\/wp-json\/wp\/v2\/pages\/182\/revisions\/9430"}],"wp:attachment":[{"href":"https:\/\/www.bfforecasts.de\/es\/wp-json\/wp\/v2\/media?parent=182"}],"curies":[{"name":"wp","href":"https:\/\/api.w.org\/{rel}","templated":true}]}}