{"id":241,"date":"2014-03-18T13:59:03","date_gmt":"2014-03-18T13:59:03","guid":{"rendered":"http:\/\/www.bfforecasts.de\/sample-page-2\/"},"modified":"2023-11-20T15:28:10","modified_gmt":"2023-11-20T14:28:10","slug":"sample-page","status":"publish","type":"page","link":"https:\/\/www.bfforecasts.de\/es\/","title":{"rendered":"Wir \u00fcber uns"},"content":{"rendered":"\t\t<div data-elementor-type=\"wp-page\" data-elementor-id=\"241\" class=\"elementor elementor-241\" data-elementor-post-type=\"page\">\n\t\t\t\t<div class=\"elementor-element elementor-element-880c90d e-con-full e-flex e-con e-parent\" data-id=\"880c90d\" data-element_type=\"container\" data-e-type=\"container\" data-settings=\"{&quot;background_background&quot;:&quot;slideshow&quot;,&quot;background_slideshow_gallery&quot;:[{&quot;id&quot;:9220,&quot;url&quot;:&quot;https:\\\/\\\/www.bfforecasts.de\\\/wp-content\\\/uploads\\\/2023\\\/10\\\/streets01.jpg&quot;},{&quot;id&quot;:9226,&quot;url&quot;:&quot;https:\\\/\\\/www.bfforecasts.de\\\/wp-content\\\/uploads\\\/2023\\\/10\\\/streets02.jpg&quot;}],&quot;background_slideshow_loop&quot;:&quot;yes&quot;,&quot;background_slideshow_slide_duration&quot;:5000,&quot;background_slideshow_slide_transition&quot;:&quot;fade&quot;,&quot;background_slideshow_transition_duration&quot;:500}\">\n\t\t<div class=\"elementor-element elementor-element-368f8bd e-flex e-con-boxed e-con e-child\" data-id=\"368f8bd\" data-element_type=\"container\" data-e-type=\"container\" data-settings=\"{&quot;background_background&quot;:&quot;slideshow&quot;,&quot;background_slideshow_gallery&quot;:[],&quot;background_slideshow_loop&quot;:&quot;yes&quot;,&quot;background_slideshow_slide_duration&quot;:5000,&quot;background_slideshow_slide_transition&quot;:&quot;fade&quot;,&quot;background_slideshow_transition_duration&quot;:500}\">\n\t\t\t\t\t<div class=\"e-con-inner\">\n\t\t\t\t<div class=\"elementor-element elementor-element-3c87140 elementor-widget elementor-widget-heading\" data-id=\"3c87140\" data-element_type=\"widget\" data-e-type=\"widget\" data-widget_type=\"heading.default\">\n\t\t\t\t<div class=\"elementor-widget-container\">\n\t\t\t\t\t<h2 class=\"elementor-heading-title elementor-size-default\">we manage your risk<\/h2>\t\t\t\t<\/div>\n\t\t\t\t<\/div>\n\t\t\t\t\t<\/div>\n\t\t\t\t<\/div>\n\t\t\t\t<\/div>\n\t\t<div class=\"elementor-element elementor-element-23df0239 e-flex e-con-boxed e-con e-parent\" data-id=\"23df0239\" data-element_type=\"container\" data-e-type=\"container\">\n\t\t\t\t\t<div class=\"e-con-inner\">\n\t\t\t\t<div class=\"elementor-element elementor-element-2cc0e3f elementor-widget elementor-widget-text-editor\" data-id=\"2cc0e3f\" data-element_type=\"widget\" data-e-type=\"widget\" data-widget_type=\"text-editor.default\">\n\t\t\t\t<div class=\"elementor-widget-container\">\n\t\t\t\t\t\t\t\t\t<h1 style=\"font-weight: 400;\">Bienvenido a B\u00e4hr &amp; Fess<\/h1><p style=\"font-weight: 400;\">B\u00e4hr &amp; Fess es uno de los principales proveedores de previsiones de valor residual, an\u00e1lisis de carteras y servicios de asesoramiento en materia de valor residual. Desde 1998 suministramos estos productos y servicios a proveedores de servicios financieros y de leasing independientes y espec\u00edficos de cada fabricante, a fabricantes e importadores de autom\u00f3viles, as\u00ed como a empresas de servicios de flotas. B\u00e4hr &amp; Fess opera tanto dentro como fuera de Europa y tiene una amplia base de clientes. B\u00e4hr &amp; Fess se especializa en la previsi\u00f3n del valor residual y proporciona a sus clientes datos de previsi\u00f3n objetivos y precisos. La trazabilidad de las previsiones es la m\u00e1xima prioridad. \u00a1Muchas gracias por tu interes!<\/p>\t\t\t\t\t\t\t\t<\/div>\n\t\t\t\t<\/div>\n\t\t\t\t\t<\/div>\n\t\t\t\t<\/div>\n\t\t\t\t<\/div>\n\t\t","protected":false},"excerpt":{"rendered":"<p>we manage your risk Bienvenido a B\u00e4hr &amp; Fess B\u00e4hr &amp; Fess es uno de los principales proveedores de previsiones de valor residual, an\u00e1lisis de carteras y servicios de asesoramiento en materia de valor residual. Desde 1998 suministramos estos productos y servicios a proveedores de servicios financieros y de leasing independientes y espec\u00edficos de cada [&hellip;]<\/p>\n","protected":false},"author":1,"featured_media":0,"parent":0,"menu_order":0,"comment_status":"closed","ping_status":"open","template":"","meta":{"footnotes":""},"class_list":["post-241","page","type-page","status-publish","hentry"],"_links":{"self":[{"href":"https:\/\/www.bfforecasts.de\/es\/wp-json\/wp\/v2\/pages\/241","targetHints":{"allow":["GET"]}}],"collection":[{"href":"https:\/\/www.bfforecasts.de\/es\/wp-json\/wp\/v2\/pages"}],"about":[{"href":"https:\/\/www.bfforecasts.de\/es\/wp-json\/wp\/v2\/types\/page"}],"author":[{"embeddable":true,"href":"https:\/\/www.bfforecasts.de\/es\/wp-json\/wp\/v2\/users\/1"}],"replies":[{"embeddable":true,"href":"https:\/\/www.bfforecasts.de\/es\/wp-json\/wp\/v2\/comments?post=241"}],"version-history":[{"count":50,"href":"https:\/\/www.bfforecasts.de\/es\/wp-json\/wp\/v2\/pages\/241\/revisions"}],"predecessor-version":[{"id":9662,"href":"https:\/\/www.bfforecasts.de\/es\/wp-json\/wp\/v2\/pages\/241\/revisions\/9662"}],"wp:attachment":[{"href":"https:\/\/www.bfforecasts.de\/es\/wp-json\/wp\/v2\/media?parent=241"}],"curies":[{"name":"wp","href":"https:\/\/api.w.org\/{rel}","templated":true}]}}