{"id":431,"date":"2014-04-03T12:13:52","date_gmt":"2014-04-03T12:13:52","guid":{"rendered":"http:\/\/www.bfforecasts.de\/?page_id=431"},"modified":"2023-10-12T10:21:50","modified_gmt":"2023-10-12T09:21:50","slug":"sobre-nosotros","status":"publish","type":"page","link":"https:\/\/www.bfforecasts.de\/es\/sobre-nosotros\/","title":{"rendered":"Sobre nosotros"},"content":{"rendered":"\t\t<div data-elementor-type=\"wp-page\" data-elementor-id=\"431\" class=\"elementor elementor-431\" data-elementor-post-type=\"page\">\n\t\t\t\t<div class=\"elementor-element elementor-element-7c4aba85 e-flex e-con-boxed e-con e-parent\" data-id=\"7c4aba85\" data-element_type=\"container\" data-e-type=\"container\">\n\t\t\t\t\t<div class=\"e-con-inner\">\n\t\t\t\t<div class=\"elementor-element elementor-element-5db2cd80 elementor-widget elementor-widget-text-editor\" data-id=\"5db2cd80\" data-element_type=\"widget\" data-e-type=\"widget\" data-widget_type=\"text-editor.default\">\n\t\t\t\t<div class=\"elementor-widget-container\">\n\t\t\t\t\t\t\t\t\t<p style=\"text-align: justify;\">BF Forecasts realiza desde 1998 previsiones para todos los veh\u00edculos de pasajeros y veh\u00edculos industriales ligeros en 12 pa\u00edses europeos.<\/p>\n<p style=\"text-align: justify;\">El conocimiento del mercado de automoci\u00f3n, combinado con encuestas macroecon\u00f3micas, resultan en an\u00e1lisis valorados por bancos, fabricantes de autom\u00f3viles, compa\u00f1\u00edas de financiaci\u00f3n y leasing de autom\u00f3viles y propietarios de flota de toda Europa.<\/p>\n<p>Los servicios principales de BF Forecasts son:<\/p>\n<ul>\n<li>Previsi\u00f3n del valor residual<\/li>\n<li>An\u00e1lisis de cartera<\/li>\n<li>An\u00e1lisis hist\u00f3ricos<\/li>\n<\/ul>\n<p>Principios de la empresa:<\/p>\n<ul>\n<li>Inclusi\u00f3n de todos los factores que sean conocidos para establecer la previsi\u00f3n<\/li>\n<li>Transparencia total en el proceso de creaci\u00f3n de la previsi\u00f3n<\/li>\n<li>No se hacen previsiones por presi\u00f3n pol\u00edtica<\/li>\n<li>Las declaraciones p\u00fablicas se formulan siempre positivamente<\/li>\n<li>An\u00e1lisis propios del mercado de veh\u00edculos usados<\/li>\n<li>Implantaci\u00f3n de servicios especiales para datos macroecon\u00f3micos<\/li>\n<\/ul>\t\t\t\t\t\t\t\t<\/div>\n\t\t\t\t<\/div>\n\t\t\t\t\t<\/div>\n\t\t\t\t<\/div>\n\t\t\t\t<\/div>\n\t\t","protected":false},"excerpt":{"rendered":"<p>BF Forecasts realiza desde 1998 previsiones para todos los veh\u00edculos de pasajeros y veh\u00edculos industriales ligeros en 12 pa\u00edses europeos. El conocimiento del mercado de automoci\u00f3n, combinado con encuestas macroecon\u00f3micas, resultan en an\u00e1lisis valorados por bancos, fabricantes de autom\u00f3viles, compa\u00f1\u00edas de financiaci\u00f3n y leasing de autom\u00f3viles y propietarios de flota de toda Europa. Los servicios [&hellip;]<\/p>\n","protected":false},"author":1,"featured_media":0,"parent":0,"menu_order":0,"comment_status":"open","ping_status":"open","template":"","meta":{"footnotes":""},"class_list":["post-431","page","type-page","status-publish","hentry"],"_links":{"self":[{"href":"https:\/\/www.bfforecasts.de\/es\/wp-json\/wp\/v2\/pages\/431","targetHints":{"allow":["GET"]}}],"collection":[{"href":"https:\/\/www.bfforecasts.de\/es\/wp-json\/wp\/v2\/pages"}],"about":[{"href":"https:\/\/www.bfforecasts.de\/es\/wp-json\/wp\/v2\/types\/page"}],"author":[{"embeddable":true,"href":"https:\/\/www.bfforecasts.de\/es\/wp-json\/wp\/v2\/users\/1"}],"replies":[{"embeddable":true,"href":"https:\/\/www.bfforecasts.de\/es\/wp-json\/wp\/v2\/comments?post=431"}],"version-history":[{"count":8,"href":"https:\/\/www.bfforecasts.de\/es\/wp-json\/wp\/v2\/pages\/431\/revisions"}],"predecessor-version":[{"id":9403,"href":"https:\/\/www.bfforecasts.de\/es\/wp-json\/wp\/v2\/pages\/431\/revisions\/9403"}],"wp:attachment":[{"href":"https:\/\/www.bfforecasts.de\/es\/wp-json\/wp\/v2\/media?parent=431"}],"curies":[{"name":"wp","href":"https:\/\/api.w.org\/{rel}","templated":true}]}}