{"id":9665,"date":"2023-11-20T15:40:58","date_gmt":"2023-11-20T14:40:58","guid":{"rendered":"https:\/\/www.bfforecasts.de\/privacidad-de-datos\/"},"modified":"2023-11-20T15:40:58","modified_gmt":"2023-11-20T14:40:58","slug":"privacidad-de-datos","status":"publish","type":"page","link":"https:\/\/www.bfforecasts.de\/es\/privacidad-de-datos\/","title":{"rendered":"Privacidad de datos"},"content":{"rendered":"<p style=\"font-weight: 400;\">Este sitio web utiliza Google Analytics, un servicio de an\u00e1lisis web proporcionado por Google, Inc. (\u201cGoogle\u201d). Google Analytics utiliza \u00abcookies\u00bb, que son archivos de texto que se colocan en su computadora, para ayudar al sitio web a analizar c\u00f3mo los usuarios usan el sitio. La informaci\u00f3n generada por la cookie sobre su uso del sitio web ser\u00e1 transmitida y almacenada por Google en servidores de Estados Unidos. En caso de que se active la anonimizaci\u00f3n de IP en este sitio web, su direcci\u00f3n IP se truncar\u00e1 dentro del \u00e1rea de los Estados miembros de la Uni\u00f3n Europea u otras partes del Acuerdo sobre el Espacio Econ\u00f3mico Europeo. S\u00f3lo en casos excepcionales se transmitir\u00e1 primero la direcci\u00f3n IP completa a un servidor de Google en EE. UU. y se acortar\u00e1 all\u00ed. La anonimizaci\u00f3n de IP est\u00e1 activa en este sitio web. Google utilizar\u00e1 esta informaci\u00f3n en nombre del operador de este sitio web con el fin de evaluar su uso del sitio web, compilar informes sobre la actividad del sitio web para los operadores del sitio web y proporcionarles otros servicios relacionados con la actividad del sitio web y el uso de Internet. La direcci\u00f3n IP que su navegador transmite en el marco de Google Analytics no se asociar\u00e1 con ning\u00fan otro dato en poder de Google. Puede rechazar el uso de cookies seleccionando la configuraci\u00f3n adecuada en su navegador; sin embargo, tenga en cuenta que si lo hace es posible que no pueda utilizar la funcionalidad completa de este sitio web. Tambi\u00e9n puede optar por no ser rastreado por Google Analytics con efecto para el futuro descargando e instalando el complemento de exclusi\u00f3n voluntaria del navegador de Google Analytics para su navegador web actual: <a href=\"https:\/\/tools.google.com\/dlpage\/gaoptout?hl=\">https:\/\/tools.google.com\/dlpage\/gaoptout?hl=<\/a> es<\/p>\n","protected":false},"excerpt":{"rendered":"<p>Este sitio web utiliza Google Analytics, un servicio de an\u00e1lisis web proporcionado por Google, Inc. (\u201cGoogle\u201d). Google Analytics utiliza \u00abcookies\u00bb, que son archivos de texto que se colocan en su computadora, para ayudar al sitio web a analizar c\u00f3mo los usuarios usan el sitio. La informaci\u00f3n generada por la cookie sobre su uso del sitio [&hellip;]<\/p>\n","protected":false},"author":2,"featured_media":0,"parent":0,"menu_order":0,"comment_status":"closed","ping_status":"closed","template":"","meta":{"footnotes":""},"class_list":["post-9665","page","type-page","status-publish","hentry"],"_links":{"self":[{"href":"https:\/\/www.bfforecasts.de\/es\/wp-json\/wp\/v2\/pages\/9665","targetHints":{"allow":["GET"]}}],"collection":[{"href":"https:\/\/www.bfforecasts.de\/es\/wp-json\/wp\/v2\/pages"}],"about":[{"href":"https:\/\/www.bfforecasts.de\/es\/wp-json\/wp\/v2\/types\/page"}],"author":[{"embeddable":true,"href":"https:\/\/www.bfforecasts.de\/es\/wp-json\/wp\/v2\/users\/2"}],"replies":[{"embeddable":true,"href":"https:\/\/www.bfforecasts.de\/es\/wp-json\/wp\/v2\/comments?post=9665"}],"version-history":[{"count":0,"href":"https:\/\/www.bfforecasts.de\/es\/wp-json\/wp\/v2\/pages\/9665\/revisions"}],"wp:attachment":[{"href":"https:\/\/www.bfforecasts.de\/es\/wp-json\/wp\/v2\/media?parent=9665"}],"curies":[{"name":"wp","href":"https:\/\/api.w.org\/{rel}","templated":true}]}}