{"id":101,"date":"2014-03-20T13:32:42","date_gmt":"2014-03-20T13:32:42","guid":{"rendered":"http:\/\/www.bfforecasts.de\/?page_id=101"},"modified":"2023-10-25T13:30:19","modified_gmt":"2023-10-25T12:30:19","slug":"car-environment-chart-studies","status":"publish","type":"page","link":"https:\/\/www.bfforecasts.de\/fr\/car-environment-chart-studies\/","title":{"rendered":"CEC Studies"},"content":{"rendered":"\t\t<div data-elementor-type=\"wp-page\" data-elementor-id=\"101\" class=\"elementor elementor-101\" data-elementor-post-type=\"page\">\n\t\t\t\t<div class=\"elementor-element elementor-element-52c179db e-flex e-con-boxed e-con e-parent\" data-id=\"52c179db\" data-element_type=\"container\" data-e-type=\"container\">\n\t\t\t\t\t<div class=\"e-con-inner\">\n\t\t\t\t<div class=\"elementor-element elementor-element-7865e35e elementor-widget elementor-widget-text-editor\" data-id=\"7865e35e\" data-element_type=\"widget\" data-e-type=\"widget\" data-widget_type=\"text-editor.default\">\n\t\t\t\t<div class=\"elementor-widget-container\">\n\t\t\t\t\t\t\t\t\t<p style=\"text-align: justify;\">BF Forecasts analyse les donn\u00e9es historiques et celles disponibles pour des v\u00e9hicules similaires des concurrents pour un nouveau mod\u00e8le avant son lancement.<\/p>\n<p style=\"text-align: justify;\">BF Forecasts \u00e9tudie les variations du march\u00e9 des v\u00e9hicules d\u2019occasions des 5 derni\u00e8res ann\u00e9es pour cr\u00e9er un profil de d\u00e9pr\u00e9ciation du nouveau mod\u00e8le. Ce profil tient compte des pr\u00e9visions macro \u00e9conomiques disponibles. L\u2019ensemble permet \u00e0&nbsp;BF Forecasts d\u2019\u00e9tablir les valeurs r\u00e9siduelles de ce nouveau mod\u00e8le pour les 5 prochaines ann\u00e9es.<\/p>\n<p style=\"text-align: justify;\">Ces \u00e9tudes sont sp\u00e9cifiques pour chaque mod\u00e8le dans son segment et pour chaque pays.<\/p>\n<p style=\"text-align: justify;\">BF Forecasts d\u00e9livre \u00e0 ses clients une analyse compl\u00e8te et compr\u00e9hensible de l\u2019ensemble des facteurs qui on conduit \u00e0 la cr\u00e9ation du cycle de vie du nouveau mod\u00e8le.<\/p><p style=\"text-align: justify;\"><br><\/p>\t\t\t\t\t\t\t\t<\/div>\n\t\t\t\t<\/div>\n\t\t\t\t\t<\/div>\n\t\t\t\t<\/div>\n\t\t\t\t<\/div>\n\t\t","protected":false},"excerpt":{"rendered":"<p>BF Forecasts analyse les donn\u00e9es historiques et celles disponibles pour des v\u00e9hicules similaires des concurrents pour un nouveau mod\u00e8le avant son lancement. BF Forecasts \u00e9tudie les variations du march\u00e9 des v\u00e9hicules d\u2019occasions des 5 derni\u00e8res ann\u00e9es pour cr\u00e9er un profil de d\u00e9pr\u00e9ciation du nouveau mod\u00e8le. Ce profil tient compte des pr\u00e9visions macro \u00e9conomiques disponibles. L\u2019ensemble [&hellip;]<\/p>\n","protected":false},"author":1,"featured_media":0,"parent":0,"menu_order":0,"comment_status":"open","ping_status":"open","template":"","meta":{"footnotes":""},"class_list":["post-101","page","type-page","status-publish","hentry"],"_links":{"self":[{"href":"https:\/\/www.bfforecasts.de\/fr\/wp-json\/wp\/v2\/pages\/101","targetHints":{"allow":["GET"]}}],"collection":[{"href":"https:\/\/www.bfforecasts.de\/fr\/wp-json\/wp\/v2\/pages"}],"about":[{"href":"https:\/\/www.bfforecasts.de\/fr\/wp-json\/wp\/v2\/types\/page"}],"author":[{"embeddable":true,"href":"https:\/\/www.bfforecasts.de\/fr\/wp-json\/wp\/v2\/users\/1"}],"replies":[{"embeddable":true,"href":"https:\/\/www.bfforecasts.de\/fr\/wp-json\/wp\/v2\/comments?post=101"}],"version-history":[{"count":12,"href":"https:\/\/www.bfforecasts.de\/fr\/wp-json\/wp\/v2\/pages\/101\/revisions"}],"predecessor-version":[{"id":9551,"href":"https:\/\/www.bfforecasts.de\/fr\/wp-json\/wp\/v2\/pages\/101\/revisions\/9551"}],"wp:attachment":[{"href":"https:\/\/www.bfforecasts.de\/fr\/wp-json\/wp\/v2\/media?parent=101"}],"curies":[{"name":"wp","href":"https:\/\/api.w.org\/{rel}","templated":true}]}}