{"id":117,"date":"2014-04-03T11:25:17","date_gmt":"2014-04-03T11:25:17","guid":{"rendered":"http:\/\/www.bfforecasts.de\/?page_id=117"},"modified":"2023-10-18T15:56:32","modified_gmt":"2023-10-18T14:56:32","slug":"portfolio-analysis-2","status":"publish","type":"page","link":"https:\/\/www.bfforecasts.de\/fr\/portfolio-analysis-2\/","title":{"rendered":"Portfolio Analysis"},"content":{"rendered":"\t\t<div data-elementor-type=\"wp-page\" data-elementor-id=\"117\" class=\"elementor elementor-117\" data-elementor-post-type=\"page\">\n\t\t\t\t<div class=\"elementor-element elementor-element-2e2efbb e-flex e-con-boxed e-con e-parent\" data-id=\"2e2efbb\" data-element_type=\"container\" data-e-type=\"container\">\n\t\t\t\t\t<div class=\"e-con-inner\">\n\t\t\t\t<div class=\"elementor-element elementor-element-5b0544a4 elementor-widget elementor-widget-text-editor\" data-id=\"5b0544a4\" data-element_type=\"widget\" data-e-type=\"widget\" data-widget_type=\"text-editor.default\">\n\t\t\t\t<div class=\"elementor-widget-container\">\n\t\t\t\t\t\t\t\t\t<p style=\"text-align: justify;\">Depuis 1998,&nbsp;BF Forecasts fournit ses analyses concernant tant les flottes de nouveaux v\u00e9hicules que des v\u00e9hicules \u03ac la route, pour des clients Europ\u00e9ens de toute premi\u00e8re importance. Ces analyses apportant aux clients une vision claire er compr\u00e9hensible de leurs risques et de l\u2019\u00e9volution de ceux-ci, incluant l\u2019influence des taux de retour des v\u00e9hicules et les tendances historis\u00e9es des diff\u00e9rents portefeuilles.<\/p>\n<p style=\"text-align: justify;\">Vous trouverez ci-dessous la liste des diff\u00e9rentes possibilit\u00e9s offertes par notre produit Portfolio Analysis.<\/p>\n<p style=\"text-align: justify;\">Le produit <b>Residual Risk Analysis<\/b> mesure l\u2019exposition d\u2019un portefeuille de v\u00e9hicules lou\u00e9s au risqu\u00e9 de variation des valeurs r\u00e9siduelles. Le produit Residual Risk Analysis \u00e9tablit le lien avec chaque v\u00e9hicule du portefeuille analyse au moyen d\u2019un identifiant v\u00e9hicule unique.<br>\nEn r\u00e9sum\u00e9, il s\u2019agit d\u2019une nouvelle projection de valeurs r\u00e9siduelles des v\u00e9hicules \u00e0 la fin de leurs p\u00e9riodes d\u2019utilisation, bas\u00e9e sur les derni\u00e8res informations disponibles concernant les valeurs de vente des v\u00e9hicules et de leurs courbes de d\u00e9pr\u00e9ciation. Cette nouvelle valeur r\u00e9siduelle de fin de location est d\u00e9termin\u00e9e d\u2019apr\u00e8s la m\u00e9thodologie BF Forecasts.<\/p>\n<p style=\"text-align: justify;\">Cette nouvelle valeur r\u00e9siduelle est compar\u00e9e avec la valeur r\u00e9siduelle d\u2019origine de fa\u00e7on \u00e0 calculer de perte ou de gain par v\u00e9hicule et pour l\u2019ensemble du portefeuille analys\u00e9.<\/p>\n<p style=\"text-align: justify;\">Le rapport fournit d\u00e9taille l\u2019ensemble des identifiants comme le num\u00e9ro d\u2019immatriculation, la date d\u2019immatriculation, la marque, le mod\u00e8le\u2026de chaque contrat v\u00e9hicule, fournit un compte global et peut \u00eatre adapt\u00e9 aux besoins de chaque client.<\/p>\n<p style=\"text-align: justify;\">Le produit Return Rate Analysis repose sur le m\u00eame concept et incorpore la notion de taux de retour des v\u00e9hicules disponibles dans les diff\u00e9rents portefeuilles de v\u00e9hicules lou\u00e9s chez de nombreux clients.&nbsp;BF Forecasts analyse les taux de retour historiques d\u2019un portefeuille client et cr\u00e9e un nouveau mod\u00e8le d\u2019analyse int\u00e9grant l\u2019influence du&nbsp; taux de retour&nbsp; des v\u00e9hicules des autres clients. La variation identifi\u00e9e est ensuite appliqu\u00e9e aux analyses de projection de valeurs r\u00e9siduelles qui tiennent donc compte de la variation de la repr\u00e9sentation d\u2019un mod\u00e8le sur le march\u00e9.<\/p><p style=\"text-align: justify;\"><br><\/p>\t\t\t\t\t\t\t\t<\/div>\n\t\t\t\t<\/div>\n\t\t\t\t\t<\/div>\n\t\t\t\t<\/div>\n\t\t\t\t<\/div>\n\t\t","protected":false},"excerpt":{"rendered":"<p>Depuis 1998,&nbsp;BF Forecasts fournit ses analyses concernant tant les flottes de nouveaux v\u00e9hicules que des v\u00e9hicules \u03ac la route, pour des clients Europ\u00e9ens de toute premi\u00e8re importance. Ces analyses apportant aux clients une vision claire er compr\u00e9hensible de leurs risques et de l\u2019\u00e9volution de ceux-ci, incluant l\u2019influence des taux de retour des v\u00e9hicules et les [&hellip;]<\/p>\n","protected":false},"author":1,"featured_media":0,"parent":0,"menu_order":0,"comment_status":"open","ping_status":"open","template":"","meta":{"footnotes":""},"class_list":["post-117","page","type-page","status-publish","hentry"],"_links":{"self":[{"href":"https:\/\/www.bfforecasts.de\/fr\/wp-json\/wp\/v2\/pages\/117","targetHints":{"allow":["GET"]}}],"collection":[{"href":"https:\/\/www.bfforecasts.de\/fr\/wp-json\/wp\/v2\/pages"}],"about":[{"href":"https:\/\/www.bfforecasts.de\/fr\/wp-json\/wp\/v2\/types\/page"}],"author":[{"embeddable":true,"href":"https:\/\/www.bfforecasts.de\/fr\/wp-json\/wp\/v2\/users\/1"}],"replies":[{"embeddable":true,"href":"https:\/\/www.bfforecasts.de\/fr\/wp-json\/wp\/v2\/comments?post=117"}],"version-history":[{"count":8,"href":"https:\/\/www.bfforecasts.de\/fr\/wp-json\/wp\/v2\/pages\/117\/revisions"}],"predecessor-version":[{"id":9482,"href":"https:\/\/www.bfforecasts.de\/fr\/wp-json\/wp\/v2\/pages\/117\/revisions\/9482"}],"wp:attachment":[{"href":"https:\/\/www.bfforecasts.de\/fr\/wp-json\/wp\/v2\/media?parent=117"}],"curies":[{"name":"wp","href":"https:\/\/api.w.org\/{rel}","templated":true}]}}