{"id":123,"date":"2014-04-03T11:27:10","date_gmt":"2014-04-03T11:27:10","guid":{"rendered":"http:\/\/www.bfforecasts.de\/?page_id=123"},"modified":"2023-10-25T13:25:36","modified_gmt":"2023-10-25T12:25:36","slug":"bf-i-forecasts-residual-values-2","status":"publish","type":"page","link":"https:\/\/www.bfforecasts.de\/fr\/bf-i-forecasts-residual-values-2\/","title":{"rendered":"Residual Values"},"content":{"rendered":"\t\t<div data-elementor-type=\"wp-page\" data-elementor-id=\"123\" class=\"elementor elementor-123\" data-elementor-post-type=\"page\">\n\t\t\t\t<div class=\"elementor-element elementor-element-3ec687b3 e-flex e-con-boxed e-con e-parent\" data-id=\"3ec687b3\" data-element_type=\"container\" data-e-type=\"container\">\n\t\t\t\t\t<div class=\"e-con-inner\">\n\t\t\t\t<div class=\"elementor-element elementor-element-6021974c elementor-widget elementor-widget-text-editor\" data-id=\"6021974c\" data-element_type=\"widget\" data-e-type=\"widget\" data-widget_type=\"text-editor.default\">\n\t\t\t\t<div class=\"elementor-widget-container\">\n\t\t\t\t\t\t\t\t\t<p style=\"text-align: justify;\">BF Forecasts&nbsp;a d\u00e9velopp\u00e9 un syst\u00e8me exclusive qui combine la force des analyses de valeurs de ventes observ\u00e9es avec les param\u00e8tres de l\u2019environnement macro \u00e9conomique correspondant et leurs \u00e9volutions futures ainsi que les \u00e9volutions du march\u00e9 des v\u00e9hicules neufs \u00e0 travers l\u2019Europe.<\/p>\n<p style=\"text-align: justify;\"><b>Le mod\u00e8le Residual Values prend en compte:<\/b><\/p>\n<ul style=\"text-align: justify;\">\n<li>les variables macro-\u00e9conomiques<\/li>\n<li>les variations de diff\u00e9rents segments du march\u00e9<\/li>\n<li>les donn\u00e9es historiques des diff\u00e9rents segments et leurs performances pass\u00e9es<\/li>\n<li>l\u2019impact des cycles de vie des v\u00e9hicules et des crit\u00e8res plus subjectifs comme le r\u00e9sultat des essais presse, les diff\u00e9rents tests et performances aux crash tests r\u00e9alis\u00e9s et \u00e9tablit les tendances futures.<\/li>\n<\/ul>\n<p style=\"text-align: justify;\">Ce mod\u00e8le de valeurs r\u00e9siduelles est utilis\u00e9 pour r\u00e9pondre aux besoins sp\u00e9cifiques de nos clients en mati\u00e8re d\u2019\u00e9laboration de leurs valeurs r\u00e9siduelles.<\/p><p style=\"text-align: justify;\"><br><\/p>\t\t\t\t\t\t\t\t<\/div>\n\t\t\t\t<\/div>\n\t\t\t\t\t<\/div>\n\t\t\t\t<\/div>\n\t\t\t\t<\/div>\n\t\t","protected":false},"excerpt":{"rendered":"<p>BF Forecasts&nbsp;a d\u00e9velopp\u00e9 un syst\u00e8me exclusive qui combine la force des analyses de valeurs de ventes observ\u00e9es avec les param\u00e8tres de l\u2019environnement macro \u00e9conomique correspondant et leurs \u00e9volutions futures ainsi que les \u00e9volutions du march\u00e9 des v\u00e9hicules neufs \u00e0 travers l\u2019Europe. Le mod\u00e8le Residual Values prend en compte: les variables macro-\u00e9conomiques les variations de diff\u00e9rents [&hellip;]<\/p>\n","protected":false},"author":1,"featured_media":0,"parent":0,"menu_order":0,"comment_status":"open","ping_status":"open","template":"","meta":{"footnotes":""},"class_list":["post-123","page","type-page","status-publish","hentry"],"_links":{"self":[{"href":"https:\/\/www.bfforecasts.de\/fr\/wp-json\/wp\/v2\/pages\/123","targetHints":{"allow":["GET"]}}],"collection":[{"href":"https:\/\/www.bfforecasts.de\/fr\/wp-json\/wp\/v2\/pages"}],"about":[{"href":"https:\/\/www.bfforecasts.de\/fr\/wp-json\/wp\/v2\/types\/page"}],"author":[{"embeddable":true,"href":"https:\/\/www.bfforecasts.de\/fr\/wp-json\/wp\/v2\/users\/1"}],"replies":[{"embeddable":true,"href":"https:\/\/www.bfforecasts.de\/fr\/wp-json\/wp\/v2\/comments?post=123"}],"version-history":[{"count":8,"href":"https:\/\/www.bfforecasts.de\/fr\/wp-json\/wp\/v2\/pages\/123\/revisions"}],"predecessor-version":[{"id":9519,"href":"https:\/\/www.bfforecasts.de\/fr\/wp-json\/wp\/v2\/pages\/123\/revisions\/9519"}],"wp:attachment":[{"href":"https:\/\/www.bfforecasts.de\/fr\/wp-json\/wp\/v2\/media?parent=123"}],"curies":[{"name":"wp","href":"https:\/\/api.w.org\/{rel}","templated":true}]}}