{"id":164,"date":"2014-03-20T14:12:01","date_gmt":"2014-03-20T14:12:01","guid":{"rendered":"http:\/\/www.bfforecasts.de\/?page_id=164"},"modified":"2023-10-27T09:29:50","modified_gmt":"2023-10-27T08:29:50","slug":"mentions-legales","status":"publish","type":"page","link":"https:\/\/www.bfforecasts.de\/fr\/mentions-legales\/","title":{"rendered":"Mentions l\u00e9gales"},"content":{"rendered":"\t\t<div data-elementor-type=\"wp-page\" data-elementor-id=\"164\" class=\"elementor elementor-164\" data-elementor-post-type=\"page\">\n\t\t\t\t<div class=\"elementor-element elementor-element-6d9bb683 e-flex e-con-boxed e-con e-parent\" data-id=\"6d9bb683\" data-element_type=\"container\" data-e-type=\"container\">\n\t\t\t\t\t<div class=\"e-con-inner\">\n\t\t\t\t<div class=\"elementor-element elementor-element-4f09d4a1 elementor-widget elementor-widget-text-editor\" data-id=\"4f09d4a1\" data-element_type=\"widget\" data-e-type=\"widget\" data-widget_type=\"text-editor.default\">\n\t\t\t\t<div class=\"elementor-widget-container\">\n\t\t\t\t\t\t\t\t\t<p><strong>Responsable:<\/strong><\/p><p>b\u00e4hr &amp; fess forecasts GmbH<br \/>Hochstra\u00dfe 63,<br \/>66115 Saarbr\u00fccken<br \/>T<strong>:\u00a0<\/strong>+49 6898 93392-0<br \/>F:\u00a0+49 6898 93392-92<br \/>E-mail:\u00a0 <a href=\"mailto:info@bfforecasts.com\">info(at)bfforecasts.com<\/a><\/p><p><strong>Registre du commerce:<\/strong><\/p><p>RCS Saarbr\u00fccken 11235<\/p><p style=\"text-align: justify;\"><strong>VAT-Nr.:<\/strong><\/p><p>DE 191937357<\/p><p style=\"text-align: justify;\"><strong>Directeurs:<\/strong><\/p><p>Reinhard B\u00e4hr und Dieter Fess<\/p><p style=\"text-align: justify;\"><strong>Responsabilit\u00e9:<\/strong><\/p><p style=\"text-align: justify;\">L\u2019ensemble du contenu de cette page d\u2019accueil a \u00e9t\u00e9 v\u00e9rifi\u00e9. N\u00e9anmoins, nous ne pourrons \u00eatre tenus responsables de l\u2019exactitude du contenu et de l\u2019absence de mise \u00e0 jour.<\/p><p style=\"text-align: justify;\"><strong>Liens:<\/strong><\/p><p style=\"text-align: justify;\">Les liens vers d\u2019autres sites web, soit par notre interm\u00e9diaire soit par celui d\u2019une tierce partie sont affich\u00e9s dans une fen\u00eatre de navigation ind\u00e9pendante. La responsabilit\u00e9 du contenu des sites web ext\u00e9rieurs reste \u00e0 la charge des soci\u00e9t\u00e9s qui les g\u00e8rent.<\/p><p style=\"text-align: justify;\">cr\u00e9er un lien vers notre site web<\/p><p style=\"text-align: justify;\"><strong>Droits d&rsquo;auteurs et copyright:<\/strong><\/p><p style=\"text-align: justify;\">Tous les textes, graphiques, images sont prot\u00e9g\u00e9s par la r\u00e9glementation relative \u00e0 la protection des droits d\u2019auteurs et du copyright. Leur reproduction et utilisation sont totalement interdites par la Loi, \u00e0 moins d\u2019\u00eatre explicitement autoris\u00e9e par\u00a0BF Forecasts. Tout ce qui est mentionn\u00e9 sur notre site web, comme les logos, les marques sont la propri\u00e9t\u00e9 inali\u00e9nable de leurs propri\u00e9taires.<br \/>Vous pouvez envoyer vos remarques ; objections et propositions via notre <a href=\"mailto:tabatha.wiankowski@bfforecasts.com\"> Internet agent<\/a>.<\/p><p style=\"text-align: justify;\"><strong>Data privacy:<\/strong><\/p><p style=\"text-align: justify;\">This website uses Google Analytics, a web analytics service provided by Google, Inc. (\u201cGoogle\u201d). Google Analytics uses \u201ccookies\u201d, which are text files placed on your computer, to help the website analyze how users use the site. The information generated by the cookie about your use of the website will be transmitted to and stored by Google on servers in the United States. In case IP-anonymisation is activated on this website, your IP address will be truncated within the area of Member States of the European Union or other parties to the Agreement on the European Economic Area. Only in exceptional cases the whole IP address will be first transfered to a Google server in the USA and truncated there. The IP-anonymisation is active on this website. Google will use this information on behalf of the operator of this website for the purpose of evaluating your use of the website, compiling reports on website activity for website operators and providing them other services relating to website activity and internet usage. The IP-address, that your Browser conveys within the scope of Google Analytics, will not be associated with any other data held by Google. You may refuse the use of cookies by selecting the appropriate settings on your browser, however please note that if you do this you may not be able to use the full functionality of this website. You can also opt-out from being tracked by Google Analytics with effect for the future by downloading and installing Google Analytics Opt-out Browser Addon for your current web browser: <a href=\"https:\/\/tools.google.com\/dlpage\/gaoptout?hl=en\">https:\/\/tools.google.com\/dlpage\/gaoptout?hl=en<\/a><\/p>\t\t\t\t\t\t\t\t<\/div>\n\t\t\t\t<\/div>\n\t\t\t\t\t<\/div>\n\t\t\t\t<\/div>\n\t\t\t\t<\/div>\n\t\t","protected":false},"excerpt":{"rendered":"<p>Responsable: b\u00e4hr &amp; fess forecasts GmbHHochstra\u00dfe 63,66115 Saarbr\u00fcckenT:\u00a0+49 6898 93392-0F:\u00a0+49 6898 93392-92E-mail:\u00a0 info(at)bfforecasts.com Registre du commerce: RCS Saarbr\u00fccken 11235 VAT-Nr.: DE 191937357 Directeurs: Reinhard B\u00e4hr und Dieter Fess Responsabilit\u00e9: L\u2019ensemble du contenu de cette page d\u2019accueil a \u00e9t\u00e9 v\u00e9rifi\u00e9. N\u00e9anmoins, nous ne pourrons \u00eatre tenus responsables de l\u2019exactitude du contenu et de l\u2019absence de mise [&hellip;]<\/p>\n","protected":false},"author":1,"featured_media":0,"parent":0,"menu_order":0,"comment_status":"open","ping_status":"open","template":"","meta":{"footnotes":""},"class_list":["post-164","page","type-page","status-publish","hentry"],"_links":{"self":[{"href":"https:\/\/www.bfforecasts.de\/fr\/wp-json\/wp\/v2\/pages\/164","targetHints":{"allow":["GET"]}}],"collection":[{"href":"https:\/\/www.bfforecasts.de\/fr\/wp-json\/wp\/v2\/pages"}],"about":[{"href":"https:\/\/www.bfforecasts.de\/fr\/wp-json\/wp\/v2\/types\/page"}],"author":[{"embeddable":true,"href":"https:\/\/www.bfforecasts.de\/fr\/wp-json\/wp\/v2\/users\/1"}],"replies":[{"embeddable":true,"href":"https:\/\/www.bfforecasts.de\/fr\/wp-json\/wp\/v2\/comments?post=164"}],"version-history":[{"count":13,"href":"https:\/\/www.bfforecasts.de\/fr\/wp-json\/wp\/v2\/pages\/164\/revisions"}],"predecessor-version":[{"id":9628,"href":"https:\/\/www.bfforecasts.de\/fr\/wp-json\/wp\/v2\/pages\/164\/revisions\/9628"}],"wp:attachment":[{"href":"https:\/\/www.bfforecasts.de\/fr\/wp-json\/wp\/v2\/media?parent=164"}],"curies":[{"name":"wp","href":"https:\/\/api.w.org\/{rel}","templated":true}]}}