{"id":184,"date":"2014-03-20T14:26:00","date_gmt":"2014-03-20T14:26:00","guid":{"rendered":"http:\/\/www.bfforecasts.de\/?page_id=184"},"modified":"2023-10-12T10:32:16","modified_gmt":"2023-10-12T09:32:16","slug":"produits-services","status":"publish","type":"page","link":"https:\/\/www.bfforecasts.de\/fr\/produits-services\/","title":{"rendered":"Produits &#038; Services"},"content":{"rendered":"\t\t<div data-elementor-type=\"wp-page\" data-elementor-id=\"184\" class=\"elementor elementor-184\" data-elementor-post-type=\"page\">\n\t\t\t\t<div class=\"elementor-element elementor-element-dc4ddb8 e-flex e-con-boxed e-con e-parent\" data-id=\"dc4ddb8\" data-element_type=\"container\" data-e-type=\"container\">\n\t\t\t\t\t<div class=\"e-con-inner\">\n\t\t\t\t<div class=\"elementor-element elementor-element-2119eb17 elementor-widget elementor-widget-text-editor\" data-id=\"2119eb17\" data-element_type=\"widget\" data-e-type=\"widget\" data-widget_type=\"text-editor.default\">\n\t\t\t\t<div class=\"elementor-widget-container\">\n\t\t\t\t\t\t\t\t\t<p style=\"text-align: justify;\">BF Forecasts est un fournisseur de donn\u00e9es de valeurs r\u00e9siduelles \u00e0 destination des soci\u00e9t\u00e9s de financement de v\u00e9hicules, des soci\u00e9t\u00e9s de leasing et de location longue dur\u00e9e, de constructeurs automobiles et de banques pour diverses analyses internes ainsi que pour des applications externes.<\/p><p style=\"text-align: justify;\">Les produits valeurs r\u00e9siduelles\u00a0BF Forecasts sont disponibles dans de tr\u00e8s nombreux formats, notamment en Euro et en pourcentage.<\/p><p style=\"text-align: justify;\">Vous voulez en savoir plus? Merci de contacter notre D\u00e9partement Produit.<\/p><p><span class=\"article_separator\">\u00a0<\/span><\/p><p><strong>Data service<\/strong><\/p><p>BF Forecasts est un fournisseur de donn\u00e9es de valeurs r\u00e9siduelles \u00e0 destination des soci\u00e9t\u00e9s de financement de v\u00e9hicules, des soci\u00e9t\u00e9s de leasing et de location longue dur\u00e9e, de constructeurs automobiles et de banques pour diverses analyses internes ainsi que pour des applications externes.<\/p><p>Les produits valeurs r\u00e9siduelles\u00a0BF Forecasts sont disponibles dans de tr\u00e8s nombreux formats, notamment en Euro et en pourcentage.<\/p><p>Vous voulez en savoir plus? Merci de contacter notre D\u00e9partement Produit.<\/p><p>\u00a0<\/p><p><strong>Portfolio Analysis<\/strong><\/p><p>Depuis 1998,\u00a0BF Forecasts fournit ses analyses concernant tant les flottes de nouveaux v\u00e9hicules que des v\u00e9hicules \u03ac la route, pour des clients Europ\u00e9ens de toute premi\u00e8re importance. Ces analyses apportant aux clients une vision claire er compr\u00e9hensible de leurs risques et de l\u2019\u00e9volution de ceux-ci, incluant l\u2019influence des taux de retour des v\u00e9hicules et les tendances historis\u00e9es des diff\u00e9rents portefeuilles.<\/p><p>Vous trouverez ci-dessous la liste des diff\u00e9rentes possibilit\u00e9s offertes par notre produit Portfolio Analysis.<\/p><p>Le produit <strong>Residual Risk Analysis<\/strong> mesure l\u2019exposition d\u2019un portefeuille de v\u00e9hicules lou\u00e9s au risqu\u00e9 de variation des valeurs r\u00e9siduelles. Le produit Residual Risk Analysis \u00e9tablit le lien avec chaque v\u00e9hicule du portefeuille analyse au moyen d\u2019un identifiant v\u00e9hicule unique.<br \/>En r\u00e9sum\u00e9, il s\u2019agit d\u2019une nouvelle projection de valeurs r\u00e9siduelles des v\u00e9hicules \u00e0 la fin de leurs p\u00e9riodes d\u2019utilisation, bas\u00e9e sur les derni\u00e8res informations disponibles concernant les valeurs de vente des v\u00e9hicules et de leurs courbes de d\u00e9pr\u00e9ciation. Cette nouvelle valeur r\u00e9siduelle de fin de location est d\u00e9termin\u00e9e d\u2019apr\u00e8s la m\u00e9thodologie BF Forecasts.<\/p><p>Cette nouvelle valeur r\u00e9siduelle est compar\u00e9e avec la valeur r\u00e9siduelle d\u2019origine de fa\u00e7on \u00e0 calculer de perte ou de gain par v\u00e9hicule et pour l\u2019ensemble du portefeuille analys\u00e9.<\/p><p>Le rapport fournit d\u00e9taille l\u2019ensemble des identifiants comme le num\u00e9ro d\u2019immatriculation, la date d\u2019immatriculation, la marque, le mod\u00e8le\u2026de chaque contrat v\u00e9hicule, fournit un compte global et peut \u00eatre adapt\u00e9 aux besoins de chaque client.<\/p><p>Le produit Return Rate Analysis repose sur le m\u00eame concept et incorpore la notion de taux de retour des v\u00e9hicules disponibles dans les diff\u00e9rents portefeuilles de v\u00e9hicules lou\u00e9s chez de nombreux clients.\u00a0BF Forecasts analyse les taux de retour historiques d\u2019un portefeuille client et cr\u00e9e un nouveau mod\u00e8le d\u2019analyse int\u00e9grant l\u2019influence du\u00a0 taux de retour\u00a0 des v\u00e9hicules des autres clients. La variation identifi\u00e9e est ensuite appliqu\u00e9e aux analyses de projection de valeurs r\u00e9siduelles qui tiennent donc compte de la variation de la repr\u00e9sentation d\u2019un mod\u00e8le sur le march\u00e9.<\/p><p>\u00a0<\/p><p><strong>Residual values<\/strong><\/p><p>BF Forecasts\u00a0a d\u00e9velopp\u00e9 un syst\u00e8me exclusive qui combine la force des analyses de valeurs de ventes observ\u00e9es avec les param\u00e8tres de l\u2019environnement macro \u00e9conomique correspondant et leurs \u00e9volutions futures ainsi que les \u00e9volutions du march\u00e9 des v\u00e9hicules neufs \u00e0 travers l\u2019Europe.<\/p><p><strong>Le mod\u00e8le Residual Values prend en compte:<\/strong><\/p><ul><li>les variables macro-\u00e9conomiques<\/li><li>les variations de diff\u00e9rents segments du march\u00e9<\/li><li>les donn\u00e9es historiques des diff\u00e9rents segments et leurs performances pass\u00e9es<\/li><li>l\u2019impact des cycles de vie des v\u00e9hicules et des crit\u00e8res plus subjectifs comme le r\u00e9sultat des essais presse, les diff\u00e9rents tests et performances aux crash tests r\u00e9alis\u00e9s et \u00e9tablit les tendances futures.<\/li><\/ul><div><span style=\"font-family: var( --e-global-typography-text-font-family ), Sans-serif; font-weight: var( --e-global-typography-text-font-weight ); text-align: var(--text-align); font-size: 1rem;\">Ce mod\u00e8le de valeurs r\u00e9siduelles est utilis\u00e9 pour r\u00e9pondre aux besoins sp\u00e9cifiques de nos clients en mati\u00e8re d\u2019\u00e9laboration de leurs valeurs r\u00e9siduelles.<\/span><\/div><p>\u00a0<\/p><p><strong>CE Studies<\/strong><\/p><p>BF Forecasts analyse les donn\u00e9es historiques et celles disponibles pour des v\u00e9hicules similaires des concurrents pour un nouveau mod\u00e8le avant son lancement.<\/p><p>BF Forecasts \u00e9tudie les variations du march\u00e9 des v\u00e9hicules d\u2019occasions des 5 derni\u00e8res ann\u00e9es pour cr\u00e9er un profil de d\u00e9pr\u00e9ciation du nouveau mod\u00e8le. Ce profil tient compte des pr\u00e9visions macro \u00e9conomiques disponibles. L\u2019ensemble permet \u00e0\u00a0BF Forecasts d\u2019\u00e9tablir les valeurs r\u00e9siduelles de ce nouveau mod\u00e8le pour les 5 prochaines ann\u00e9es.<\/p><p>Ces \u00e9tudes sont sp\u00e9cifiques pour chaque mod\u00e8le dans son segment et pour chaque pays.<\/p><p>BF Forecasts d\u00e9livre \u00e0 ses clients une analyse compl\u00e8te et compr\u00e9hensible de l\u2019ensemble des facteurs qui on conduit \u00e0 la cr\u00e9ation du cycle de vie du nouveau mod\u00e8le.<\/p><p data-fontsize=\"13\" data-lineheight=\"20\"><strong>Contact<\/strong><\/p><p>\u2709\u00a0 sales@bfforecasts.com<\/p><p>\u260e\u00a0 +49 6898 93392-0<\/p>\t\t\t\t\t\t\t\t<\/div>\n\t\t\t\t<\/div>\n\t\t\t\t\t<\/div>\n\t\t\t\t<\/div>\n\t\t\t\t<\/div>\n\t\t","protected":false},"excerpt":{"rendered":"<p>BF Forecasts est un fournisseur de donn\u00e9es de valeurs r\u00e9siduelles \u00e0 destination des soci\u00e9t\u00e9s de financement de v\u00e9hicules, des soci\u00e9t\u00e9s de leasing et de location longue dur\u00e9e, de constructeurs automobiles et de banques pour diverses analyses internes ainsi que pour des applications externes. Les produits valeurs r\u00e9siduelles\u00a0BF Forecasts sont disponibles dans de tr\u00e8s nombreux formats, [&hellip;]<\/p>\n","protected":false},"author":1,"featured_media":0,"parent":0,"menu_order":0,"comment_status":"open","ping_status":"open","template":"","meta":{"footnotes":""},"class_list":["post-184","page","type-page","status-publish","hentry"],"_links":{"self":[{"href":"https:\/\/www.bfforecasts.de\/fr\/wp-json\/wp\/v2\/pages\/184","targetHints":{"allow":["GET"]}}],"collection":[{"href":"https:\/\/www.bfforecasts.de\/fr\/wp-json\/wp\/v2\/pages"}],"about":[{"href":"https:\/\/www.bfforecasts.de\/fr\/wp-json\/wp\/v2\/types\/page"}],"author":[{"embeddable":true,"href":"https:\/\/www.bfforecasts.de\/fr\/wp-json\/wp\/v2\/users\/1"}],"replies":[{"embeddable":true,"href":"https:\/\/www.bfforecasts.de\/fr\/wp-json\/wp\/v2\/comments?post=184"}],"version-history":[{"count":10,"href":"https:\/\/www.bfforecasts.de\/fr\/wp-json\/wp\/v2\/pages\/184\/revisions"}],"predecessor-version":[{"id":9412,"href":"https:\/\/www.bfforecasts.de\/fr\/wp-json\/wp\/v2\/pages\/184\/revisions\/9412"}],"wp:attachment":[{"href":"https:\/\/www.bfforecasts.de\/fr\/wp-json\/wp\/v2\/media?parent=184"}],"curies":[{"name":"wp","href":"https:\/\/api.w.org\/{rel}","templated":true}]}}