{"id":2696,"date":"2016-04-07T08:05:36","date_gmt":"2016-04-07T08:05:36","guid":{"rendered":"http:\/\/www.bfforecasts.de\/?page_id=2696"},"modified":"2023-11-10T08:51:27","modified_gmt":"2023-11-10T07:51:27","slug":"notre-entreprise-2","status":"publish","type":"page","link":"https:\/\/www.bfforecasts.de\/fr\/","title":{"rendered":"Notre Entreprise"},"content":{"rendered":"\t\t<div data-elementor-type=\"wp-page\" data-elementor-id=\"2696\" class=\"elementor elementor-2696\" data-elementor-post-type=\"page\">\n\t\t\t\t<div class=\"elementor-element elementor-element-97b19ef e-con-full e-flex e-con e-parent\" data-id=\"97b19ef\" data-element_type=\"container\" data-e-type=\"container\" data-settings=\"{&quot;background_background&quot;:&quot;slideshow&quot;,&quot;background_slideshow_gallery&quot;:[{&quot;id&quot;:9220,&quot;url&quot;:&quot;https:\\\/\\\/www.bfforecasts.de\\\/wp-content\\\/uploads\\\/2023\\\/10\\\/streets01.jpg&quot;},{&quot;id&quot;:9226,&quot;url&quot;:&quot;https:\\\/\\\/www.bfforecasts.de\\\/wp-content\\\/uploads\\\/2023\\\/10\\\/streets02.jpg&quot;}],&quot;background_slideshow_loop&quot;:&quot;yes&quot;,&quot;background_slideshow_slide_duration&quot;:5000,&quot;background_slideshow_slide_transition&quot;:&quot;fade&quot;,&quot;background_slideshow_transition_duration&quot;:500}\">\n\t\t<div class=\"elementor-element elementor-element-f53e48a e-flex e-con-boxed e-con e-child\" data-id=\"f53e48a\" data-element_type=\"container\" data-e-type=\"container\" data-settings=\"{&quot;background_background&quot;:&quot;slideshow&quot;,&quot;background_slideshow_gallery&quot;:[],&quot;background_slideshow_loop&quot;:&quot;yes&quot;,&quot;background_slideshow_slide_duration&quot;:5000,&quot;background_slideshow_slide_transition&quot;:&quot;fade&quot;,&quot;background_slideshow_transition_duration&quot;:500}\">\n\t\t\t\t\t<div class=\"e-con-inner\">\n\t\t\t\t<div class=\"elementor-element elementor-element-77f4622 elementor-widget elementor-widget-heading\" data-id=\"77f4622\" data-element_type=\"widget\" data-e-type=\"widget\" data-widget_type=\"heading.default\">\n\t\t\t\t<div class=\"elementor-widget-container\">\n\t\t\t\t\t<h2 class=\"elementor-heading-title elementor-size-default\">we manage your risk<\/h2>\t\t\t\t<\/div>\n\t\t\t\t<\/div>\n\t\t\t\t\t<\/div>\n\t\t\t\t<\/div>\n\t\t\t\t<\/div>\n\t\t<div class=\"elementor-element elementor-element-1d15316a e-flex e-con-boxed e-con e-parent\" data-id=\"1d15316a\" data-element_type=\"container\" data-e-type=\"container\">\n\t\t\t\t\t<div class=\"e-con-inner\">\n\t\t\t\t<div class=\"elementor-element elementor-element-1c1320e5 elementor-widget elementor-widget-text-editor\" data-id=\"1c1320e5\" data-element_type=\"widget\" data-e-type=\"widget\" data-widget_type=\"text-editor.default\">\n\t\t\t\t<div class=\"elementor-widget-container\">\n\t\t\t\t\t\t\t\t\t<div class=\"post-content\">\n<h1>Bienvenue chez BF Forecasts<\/h1>\n<p>BF Forecasts est un fournisseur de premier plan de valeurs r\u00e9siduelles, de prestations de conseil, de solutions logicielles et d\u2019analyse de parc pour les constructeurs automobiles, les \u00e9tablissements financiers et les loueurs longue dur\u00e9e.<\/p>\n<p>Ces prestations de services sont disponibles en Europe, en Am\u00e9rique du Nord et en Chine.<\/p>\n<p>BF Forecasts est un des leaders de la fourniture de pr\u00e9visions de valeurs r\u00e9siduelles des v\u00e9hicules, d\u2019analyses de portefeuille et de conseils en mati\u00e8re de gestion des risques en Europe.<\/p>\n<p>BF Forecasts propose ses produits et services depuis 1998 pour tous les v\u00e9hicules particuliers et camionnettes sur 12 pays Europ\u00e9ens.<\/p>\n<p>Notre grande connaissance de l\u2019automobile combin\u00e9e aux \u00e9tudes macro-\u00e9conomiques constituent la valeur ajout\u00e9e de nos produits pour l\u2019industrie automobile, les loueurs, les institutions financi\u00e8res et les propri\u00e9taires de flottes automobiles en Europe.<\/p>\n<p>Notre offre produit se compose de :<\/p>\n<ul>\n<li>Pr\u00e9visions valeurs r\u00e9siduelles<\/li>\n<li>Analyses de portefeuille<\/li>\n<li>Analyses de valeurs Vo historiques<\/li>\n<li>Conseils en gestion du risque<\/li>\n<\/ul>\n<div><br><\/div>\n<p>Nos principes d\u2019affaires:<\/p>\n<ul>\n<li>Impl\u00e9mentation de la totalit\u00e9 des facteurs pertinents lors de nos processus de calcul des pr\u00e9visions<\/li>\n<li>Transparence compl\u00e8te de nos processus de calcul des pr\u00e9visions<\/li>\n<li>Pas de pr\u00e9vision de valeur r\u00e9siduelle de complaisance<\/li>\n<li>Les commentaires publics sur les v\u00e9hicules sont toujours positifs<\/li>\n<li>Analyses des valeurs des v\u00e9hicules d\u2018occasion et des march\u00e9s r\u00e9alis\u00e9es par nos experts<\/li>\n<li>Prise en compte des avis de plusieurs observatoires sp\u00e9cialis\u00e9s pour les facteurs macro \u00e9conomique.<\/li>\n<\/ul><div><br><\/div>\n<p>Nous vous remercions pour votre int\u00e9r\u00eat.<\/p>\n<\/div>\t\t\t\t\t\t\t\t<\/div>\n\t\t\t\t<\/div>\n\t\t\t\t\t<\/div>\n\t\t\t\t<\/div>\n\t\t\t\t<\/div>\n\t\t","protected":false},"excerpt":{"rendered":"<p>we manage your risk Bienvenue chez BF Forecasts BF Forecasts est un fournisseur de premier plan de valeurs r\u00e9siduelles, de prestations de conseil, de solutions logicielles et d\u2019analyse de parc pour les constructeurs automobiles, les \u00e9tablissements financiers et les loueurs longue dur\u00e9e. Ces prestations de services sont disponibles en Europe, en Am\u00e9rique du Nord et [&hellip;]<\/p>\n","protected":false},"author":2,"featured_media":0,"parent":0,"menu_order":0,"comment_status":"closed","ping_status":"closed","template":"","meta":{"footnotes":""},"class_list":["post-2696","page","type-page","status-publish","hentry"],"_links":{"self":[{"href":"https:\/\/www.bfforecasts.de\/fr\/wp-json\/wp\/v2\/pages\/2696","targetHints":{"allow":["GET"]}}],"collection":[{"href":"https:\/\/www.bfforecasts.de\/fr\/wp-json\/wp\/v2\/pages"}],"about":[{"href":"https:\/\/www.bfforecasts.de\/fr\/wp-json\/wp\/v2\/types\/page"}],"author":[{"embeddable":true,"href":"https:\/\/www.bfforecasts.de\/fr\/wp-json\/wp\/v2\/users\/2"}],"replies":[{"embeddable":true,"href":"https:\/\/www.bfforecasts.de\/fr\/wp-json\/wp\/v2\/comments?post=2696"}],"version-history":[{"count":7,"href":"https:\/\/www.bfforecasts.de\/fr\/wp-json\/wp\/v2\/pages\/2696\/revisions"}],"predecessor-version":[{"id":9655,"href":"https:\/\/www.bfforecasts.de\/fr\/wp-json\/wp\/v2\/pages\/2696\/revisions\/9655"}],"wp:attachment":[{"href":"https:\/\/www.bfforecasts.de\/fr\/wp-json\/wp\/v2\/media?parent=2696"}],"curies":[{"name":"wp","href":"https:\/\/api.w.org\/{rel}","templated":true}]}}