{"id":9663,"date":"2023-11-20T15:37:12","date_gmt":"2023-11-20T14:37:12","guid":{"rendered":"https:\/\/www.bfforecasts.de\/confidentialite-des-donnees\/"},"modified":"2023-11-20T15:37:12","modified_gmt":"2023-11-20T14:37:12","slug":"confidentialite-des-donnees","status":"publish","type":"page","link":"https:\/\/www.bfforecasts.de\/fr\/confidentialite-des-donnees\/","title":{"rendered":"Confidentialit\u00e9 des donn\u00e9es"},"content":{"rendered":"<p style=\"font-weight: 400;\"><strong>Confidentialit\u00e9 des donn\u00e9es<\/strong><\/p>\n<p style=\"font-weight: 400;\">Ce site Web utilise Google Analytics, un service d&rsquo;analyse Web fourni par Google, Inc. (\u00ab Google \u00bb). Google Analytics utilise des \u00ab cookies \u00bb, qui sont des fichiers texte plac\u00e9s sur votre ordinateur, pour aider le site Internet \u00e0 analyser la mani\u00e8re dont les utilisateurs utilisent le site. Les informations g\u00e9n\u00e9r\u00e9es par les cookies concernant votre utilisation du site Internet seront transmises et stock\u00e9es par Google sur des serveurs aux \u00c9tats-Unis. Si l&rsquo;anonymisation IP est activ\u00e9e sur ce site Web, votre adresse IP sera tronqu\u00e9e dans le domaine des \u00c9tats membres de l&rsquo;Union europ\u00e9enne ou d&rsquo;autres parties \u00e0 l&rsquo;accord sur l&rsquo;Espace \u00e9conomique europ\u00e9en. Ce n&rsquo;est que dans des cas exceptionnels que l&rsquo;adresse IP compl\u00e8te sera d&rsquo;abord transf\u00e9r\u00e9e \u00e0 un serveur de Google aux \u00c9tats-Unis et y sera tronqu\u00e9e. L&rsquo;anonymisation IP est active sur ce site Web. Google utilisera ces informations pour le compte de l&rsquo;exploitant de ce site Web dans le but d&rsquo;\u00e9valuer votre utilisation du site Web, de compiler des rapports sur l&rsquo;activit\u00e9 du site Web pour les exploitants du site Web et de leur fournir d&rsquo;autres services li\u00e9s \u00e0 l&rsquo;activit\u00e9 du site Web et \u00e0 l&rsquo;utilisation d&rsquo;Internet. L&rsquo;adresse IP transmise par votre navigateur dans le cadre de Google Analytics ne sera associ\u00e9e \u00e0 aucune autre donn\u00e9e d\u00e9tenue par Google. Vous pouvez refuser l&rsquo;utilisation de cookies en s\u00e9lectionnant les param\u00e8tres appropri\u00e9s de votre navigateur. Veuillez toutefois noter que si vous le faites, vous ne pourrez peut-\u00eatre pas utiliser toutes les fonctionnalit\u00e9s de ce site Web. Vous pouvez \u00e9galement refuser d&rsquo;\u00eatre suivi par Google Analytics avec effet pour l&rsquo;avenir en t\u00e9l\u00e9chargeant et en installant le module compl\u00e9mentaire de navigateur de d\u00e9sactivation de Google Analytics pour votre navigateur Web actuel\u00a0: <a href=\"https:\/\/tools.google.com\/dlpage\/gaoptout?hl=\">https:\/\/tools.google.com\/dlpage\/gaoptout?hl=<\/a> fr<\/p>\n<p style=\"font-weight: 400;\">\n","protected":false},"excerpt":{"rendered":"<p>Confidentialit\u00e9 des donn\u00e9es Ce site Web utilise Google Analytics, un service d&rsquo;analyse Web fourni par Google, Inc. (\u00ab Google \u00bb). Google Analytics utilise des \u00ab cookies \u00bb, qui sont des fichiers texte plac\u00e9s sur votre ordinateur, pour aider le site Internet \u00e0 analyser la mani\u00e8re dont les utilisateurs utilisent le site. Les informations g\u00e9n\u00e9r\u00e9es par [&hellip;]<\/p>\n","protected":false},"author":2,"featured_media":0,"parent":0,"menu_order":0,"comment_status":"closed","ping_status":"closed","template":"","meta":{"footnotes":""},"class_list":["post-9663","page","type-page","status-publish","hentry"],"_links":{"self":[{"href":"https:\/\/www.bfforecasts.de\/fr\/wp-json\/wp\/v2\/pages\/9663","targetHints":{"allow":["GET"]}}],"collection":[{"href":"https:\/\/www.bfforecasts.de\/fr\/wp-json\/wp\/v2\/pages"}],"about":[{"href":"https:\/\/www.bfforecasts.de\/fr\/wp-json\/wp\/v2\/types\/page"}],"author":[{"embeddable":true,"href":"https:\/\/www.bfforecasts.de\/fr\/wp-json\/wp\/v2\/users\/2"}],"replies":[{"embeddable":true,"href":"https:\/\/www.bfforecasts.de\/fr\/wp-json\/wp\/v2\/comments?post=9663"}],"version-history":[{"count":0,"href":"https:\/\/www.bfforecasts.de\/fr\/wp-json\/wp\/v2\/pages\/9663\/revisions"}],"wp:attachment":[{"href":"https:\/\/www.bfforecasts.de\/fr\/wp-json\/wp\/v2\/media?parent=9663"}],"curies":[{"name":"wp","href":"https:\/\/api.w.org\/{rel}","templated":true}]}}